{"id":6698,"date":"2025-04-24T18:06:40","date_gmt":"2025-04-24T16:06:40","guid":{"rendered":"https:\/\/sklep.med4life.com.pl\/?post_type=product&#038;p=6698"},"modified":"2025-04-24T18:06:40","modified_gmt":"2025-04-24T16:06:40","slug":"uchwyt-heartsave-wall-mount-premium-seria-heartsave","status":"publish","type":"product","link":"https:\/\/sklep.med4life.com.pl\/en\/product\/uchwyt-heartsave-wall-mount-premium-seria-heartsave\/","title":{"rendered":"Uchwyt HeartSave Wall mount Premium (seria HeartSave)"},"content":{"rendered":"<p>Uchwyt \u015bcienny HeartSave Premium Primedic<\/p>\n<p>kod: 97850<\/p>\n<p>Uchwyt \u015bcienny HeartSave Premium Primedic to prosty w konstrukcji, metalowy wieszak na defibrylator, kt\u00f3ry u\u0142atwia natychmiastowy dost\u0119p do AED!<\/p>\n<p>Najwi\u0119ksz\u0105 zalet\u0105 uchwyt\u00f3w na defibrylator jest \u0142atwy i b\u0142yskawiczny dost\u0119p do AED oraz jasna komunikacja wizualna przy pomocy piktogramu! Dlatego tego rodzaju uchwyt najlepiej sprawdzi si\u0119 w budynkach komercyjnych i r\u00f3\u017cnego rodzaju instytucjach &#8211; wsz\u0119dzie tam gdzie dost\u0119pu do defibrylatora nie maj\u0105 osoby przypadkowe, lecz osoby do tego wyznaczone i\/lub pracownicy danej firmy czy instytucji, \u015bwiadomi umiejscowienia i przeznaczenia AED.<\/p>\n<p>Uchwyt Premium, opr\u00f3cz tego, \u017ce jest funkcjonalny to jest r\u00f3wnie\u017c estetyczny i nie zaburza sp\u00f3jnego wizeruku wn\u0119trza, w kt\u00f3rym jest umieszczony.<\/p>\n<p>Wykonany ze stalowej blachy malowanej proszkowo na kolor bia\u0142y, z umieszczonym na przodzie du\u017cym czerwonym piktogramem informacyjnym (logo) AED.<\/p>\n<p>Uchwyt \u015bcienny Premium Primedic oferuje du\u017co miejsca na defibrylator, w tym torb\u0119, a nawet apteczk\u0119 pierwszej pomocy, je\u015bli jest do\u0142\u0105czona do defibrylatora. Uchwyt mo\u017cna \u0142atwo zawiesi\u0107 w dowolnym pomieszczeniu.<\/p>\n<p>Prosty monta\u017c za pomoc\u0105 ko\u0142k\u00f3w rozporowych i wkr\u0119t\u00f3w.<\/p>\n<p>Poniewa\u017c uchwyt ma konstrukcj\u0119 otwart\u0105 mo\u017ce by\u0107 u\u017cywane do wielu rodzaj\u00f3w defibrylator\u00f3w AED.<\/p>\n<p>Cechy produktu:<\/p>\n<p>&#8211; Do u\u017cytku wewn\u0119trznego.<br \/>\n&#8211; Przeznaczony do biur, firm prywatnych, zak\u0142ad\u00f3w pracy i instytucji z ograniczonym dost\u0119pem dla os\u00f3b z zewn\u0105trz.<br \/>\n&#8211; Kompatybilny ze wszystkimi defibrylatorami AED z serii HeartSave (HeartSave PAD, HeartSave AED, HeartSave AS, HeartSave AED-M, HeartSave Y, HeartSave YA).<br \/>\n&#8211; \u0141atwe umieszczanie i \u015bci\u0105gnie defibrylatora zapewnienia natychmiastowy dost\u0119pu do AED.<br \/>\n&#8211; Prosty monta\u017c.<br \/>\n&#8211; Wykonany ze stali, malowany proszkowo.<br \/>\n&#8211; Wymiary: (wys. x szer. x g\u0142.): 29,4 x 26,5 x 16,3 cm.<br \/>\n&#8211; Waga: 2,8 kg.<\/p>","protected":false},"excerpt":{"rendered":"<p>Uchwyt \u015bcienny HeartSave Premium Primedic kod: 97850 Uchwyt \u015bcienny HeartSave Premium Primedic to prosty w konstrukcji, metalowy wieszak na defibrylator, kt\u00f3ry u\u0142atwia natychmiastowy dost\u0119p do AED! Najwi\u0119ksz\u0105 zalet\u0105 uchwyt\u00f3w na defibrylator jest \u0142atwy i b\u0142yskawiczny dost\u0119p do AED oraz jasna komunikacja wizualna przy pomocy piktogramu! Dlatego tego rodzaju uchwyt najlepiej sprawdzi si\u0119 w budynkach komercyjnych [&hellip;]<\/p>","protected":false},"featured_media":6699,"comment_status":"open","ping_status":"closed","template":"","meta":{"content-type":"","om_disable_all_campaigns":false,"_monsterinsights_skip_tracking":false,"_monsterinsights_sitenote_active":false,"_monsterinsights_sitenote_note":"","_monsterinsights_sitenote_category":0},"product_cat":[94],"product_tag":[],"class_list":{"0":"post-6698","1":"product","2":"type-product","3":"status-publish","4":"has-post-thumbnail","6":"product_cat-gabloty-i-szafki","8":"first","9":"instock","10":"shipping-taxable","11":"product-type-simple"},"yoast_head":"<!-- This site is optimized with the Yoast SEO plugin v23.8 - https:\/\/yoast.com\/wordpress\/plugins\/seo\/ -->\n<title>Uchwyt HeartSave Wall mount Premium (seria HeartSave) - sklep.med4life.com.pl<\/title>\n<meta name=\"robots\" content=\"index, follow, max-snippet:-1, max-image-preview:large, max-video-preview:-1\" \/>\n<link rel=\"canonical\" href=\"https:\/\/sklep.med4life.com.pl\/en\/product\/uchwyt-heartsave-wall-mount-premium-seria-heartsave\/\" \/>\n<meta property=\"og:locale\" content=\"en_US\" \/>\n<meta property=\"og:type\" content=\"article\" \/>\n<meta property=\"og:title\" content=\"Uchwyt HeartSave Wall mount Premium (seria HeartSave) - sklep.med4life.com.pl\" \/>\n<meta property=\"og:description\" content=\"Uchwyt \u015bcienny HeartSave Premium Primedic kod: 97850 Uchwyt \u015bcienny HeartSave Premium Primedic to prosty w konstrukcji, metalowy wieszak na defibrylator, kt\u00f3ry u\u0142atwia natychmiastowy dost\u0119p do AED! Najwi\u0119ksz\u0105 zalet\u0105 uchwyt\u00f3w na defibrylator jest \u0142atwy i b\u0142yskawiczny dost\u0119p do AED oraz jasna komunikacja wizualna przy pomocy piktogramu! Dlatego tego rodzaju uchwyt najlepiej sprawdzi si\u0119 w budynkach komercyjnych [&hellip;]\" \/>\n<meta property=\"og:url\" content=\"https:\/\/sklep.med4life.com.pl\/en\/product\/uchwyt-heartsave-wall-mount-premium-seria-heartsave\/\" \/>\n<meta property=\"og:site_name\" content=\"sklep.med4life.com.pl\" \/>\n<meta property=\"og:image\" content=\"https:\/\/sklep.med4life.com.pl\/wp-content\/uploads\/2025\/04\/Primedic_uchwyt_scienny_HeartSave_PREMIUM_97850-01.jpg\" \/>\n\t<meta property=\"og:image:width\" content=\"1200\" \/>\n\t<meta property=\"og:image:height\" content=\"1200\" \/>\n\t<meta property=\"og:image:type\" content=\"image\/jpeg\" \/>\n<meta name=\"twitter:card\" content=\"summary_large_image\" \/>\n<meta name=\"twitter:label1\" content=\"Est. reading time\" \/>\n\t<meta name=\"twitter:data1\" content=\"2 minutes\" \/>\n<script type=\"application\/ld+json\" class=\"yoast-schema-graph\">{\"@context\":\"https:\/\/schema.org\",\"@graph\":[{\"@type\":\"WebPage\",\"@id\":\"https:\/\/sklep.med4life.com.pl\/product\/uchwyt-heartsave-wall-mount-premium-seria-heartsave\/\",\"url\":\"https:\/\/sklep.med4life.com.pl\/product\/uchwyt-heartsave-wall-mount-premium-seria-heartsave\/\",\"name\":\"Uchwyt HeartSave Wall mount Premium (seria HeartSave) - sklep.med4life.com.pl\",\"isPartOf\":{\"@id\":\"https:\/\/sklep.med4life.com.pl\/#website\"},\"primaryImageOfPage\":{\"@id\":\"https:\/\/sklep.med4life.com.pl\/product\/uchwyt-heartsave-wall-mount-premium-seria-heartsave\/#primaryimage\"},\"image\":{\"@id\":\"https:\/\/sklep.med4life.com.pl\/product\/uchwyt-heartsave-wall-mount-premium-seria-heartsave\/#primaryimage\"},\"thumbnailUrl\":\"https:\/\/sklep.med4life.com.pl\/wp-content\/uploads\/2025\/04\/Primedic_uchwyt_scienny_HeartSave_PREMIUM_97850-01.jpg\",\"datePublished\":\"2025-04-24T16:06:40+00:00\",\"dateModified\":\"2025-04-24T16:06:40+00:00\",\"breadcrumb\":{\"@id\":\"https:\/\/sklep.med4life.com.pl\/product\/uchwyt-heartsave-wall-mount-premium-seria-heartsave\/#breadcrumb\"},\"inLanguage\":\"en-US\",\"potentialAction\":[{\"@type\":\"ReadAction\",\"target\":[\"https:\/\/sklep.med4life.com.pl\/product\/uchwyt-heartsave-wall-mount-premium-seria-heartsave\/\"]}]},{\"@type\":\"ImageObject\",\"inLanguage\":\"en-US\",\"@id\":\"https:\/\/sklep.med4life.com.pl\/product\/uchwyt-heartsave-wall-mount-premium-seria-heartsave\/#primaryimage\",\"url\":\"https:\/\/sklep.med4life.com.pl\/wp-content\/uploads\/2025\/04\/Primedic_uchwyt_scienny_HeartSave_PREMIUM_97850-01.jpg\",\"contentUrl\":\"https:\/\/sklep.med4life.com.pl\/wp-content\/uploads\/2025\/04\/Primedic_uchwyt_scienny_HeartSave_PREMIUM_97850-01.jpg\",\"width\":1200,\"height\":1200},{\"@type\":\"BreadcrumbList\",\"@id\":\"https:\/\/sklep.med4life.com.pl\/product\/uchwyt-heartsave-wall-mount-premium-seria-heartsave\/#breadcrumb\",\"itemListElement\":[{\"@type\":\"ListItem\",\"position\":1,\"name\":\"Strona g\u0142\u00f3wna\",\"item\":\"https:\/\/sklep.med4life.com.pl\/\"},{\"@type\":\"ListItem\",\"position\":2,\"name\":\"Sklep\",\"item\":\"https:\/\/sklep.med4life.com.pl\/shop\/\"},{\"@type\":\"ListItem\",\"position\":3,\"name\":\"Uchwyt HeartSave Wall mount Premium (seria HeartSave)\"}]},{\"@type\":\"WebSite\",\"@id\":\"https:\/\/sklep.med4life.com.pl\/#website\",\"url\":\"https:\/\/sklep.med4life.com.pl\/\",\"name\":\"sklep.med4life.com.pl\",\"description\":\"\",\"potentialAction\":[{\"@type\":\"SearchAction\",\"target\":{\"@type\":\"EntryPoint\",\"urlTemplate\":\"https:\/\/sklep.med4life.com.pl\/?s={search_term_string}\"},\"query-input\":{\"@type\":\"PropertyValueSpecification\",\"valueRequired\":true,\"valueName\":\"search_term_string\"}}],\"inLanguage\":\"en-US\"}]}<\/script>\n<!-- \/ Yoast SEO plugin. -->","yoast_head_json":{"title":"Uchwyt HeartSave Wall mount Premium (seria HeartSave) - sklep.med4life.com.pl","robots":{"index":"index","follow":"follow","max-snippet":"max-snippet:-1","max-image-preview":"max-image-preview:large","max-video-preview":"max-video-preview:-1"},"canonical":"https:\/\/sklep.med4life.com.pl\/en\/product\/uchwyt-heartsave-wall-mount-premium-seria-heartsave\/","og_locale":"en_US","og_type":"article","og_title":"Uchwyt HeartSave Wall mount Premium (seria HeartSave) - sklep.med4life.com.pl","og_description":"Uchwyt \u015bcienny HeartSave Premium Primedic kod: 97850 Uchwyt \u015bcienny HeartSave Premium Primedic to prosty w konstrukcji, metalowy wieszak na defibrylator, kt\u00f3ry u\u0142atwia natychmiastowy dost\u0119p do AED! Najwi\u0119ksz\u0105 zalet\u0105 uchwyt\u00f3w na defibrylator jest \u0142atwy i b\u0142yskawiczny dost\u0119p do AED oraz jasna komunikacja wizualna przy pomocy piktogramu! Dlatego tego rodzaju uchwyt najlepiej sprawdzi si\u0119 w budynkach komercyjnych [&hellip;]","og_url":"https:\/\/sklep.med4life.com.pl\/en\/product\/uchwyt-heartsave-wall-mount-premium-seria-heartsave\/","og_site_name":"sklep.med4life.com.pl","og_image":[{"width":1200,"height":1200,"url":"https:\/\/sklep.med4life.com.pl\/wp-content\/uploads\/2025\/04\/Primedic_uchwyt_scienny_HeartSave_PREMIUM_97850-01.jpg","type":"image\/jpeg"}],"twitter_card":"summary_large_image","twitter_misc":{"Est. reading time":"2 minutes"},"schema":{"@context":"https:\/\/schema.org","@graph":[{"@type":"WebPage","@id":"https:\/\/sklep.med4life.com.pl\/product\/uchwyt-heartsave-wall-mount-premium-seria-heartsave\/","url":"https:\/\/sklep.med4life.com.pl\/product\/uchwyt-heartsave-wall-mount-premium-seria-heartsave\/","name":"Uchwyt HeartSave Wall mount Premium (seria HeartSave) - sklep.med4life.com.pl","isPartOf":{"@id":"https:\/\/sklep.med4life.com.pl\/#website"},"primaryImageOfPage":{"@id":"https:\/\/sklep.med4life.com.pl\/product\/uchwyt-heartsave-wall-mount-premium-seria-heartsave\/#primaryimage"},"image":{"@id":"https:\/\/sklep.med4life.com.pl\/product\/uchwyt-heartsave-wall-mount-premium-seria-heartsave\/#primaryimage"},"thumbnailUrl":"https:\/\/sklep.med4life.com.pl\/wp-content\/uploads\/2025\/04\/Primedic_uchwyt_scienny_HeartSave_PREMIUM_97850-01.jpg","datePublished":"2025-04-24T16:06:40+00:00","dateModified":"2025-04-24T16:06:40+00:00","breadcrumb":{"@id":"https:\/\/sklep.med4life.com.pl\/product\/uchwyt-heartsave-wall-mount-premium-seria-heartsave\/#breadcrumb"},"inLanguage":"en-US","potentialAction":[{"@type":"ReadAction","target":["https:\/\/sklep.med4life.com.pl\/product\/uchwyt-heartsave-wall-mount-premium-seria-heartsave\/"]}]},{"@type":"ImageObject","inLanguage":"en-US","@id":"https:\/\/sklep.med4life.com.pl\/product\/uchwyt-heartsave-wall-mount-premium-seria-heartsave\/#primaryimage","url":"https:\/\/sklep.med4life.com.pl\/wp-content\/uploads\/2025\/04\/Primedic_uchwyt_scienny_HeartSave_PREMIUM_97850-01.jpg","contentUrl":"https:\/\/sklep.med4life.com.pl\/wp-content\/uploads\/2025\/04\/Primedic_uchwyt_scienny_HeartSave_PREMIUM_97850-01.jpg","width":1200,"height":1200},{"@type":"BreadcrumbList","@id":"https:\/\/sklep.med4life.com.pl\/product\/uchwyt-heartsave-wall-mount-premium-seria-heartsave\/#breadcrumb","itemListElement":[{"@type":"ListItem","position":1,"name":"Strona g\u0142\u00f3wna","item":"https:\/\/sklep.med4life.com.pl\/"},{"@type":"ListItem","position":2,"name":"Sklep","item":"https:\/\/sklep.med4life.com.pl\/shop\/"},{"@type":"ListItem","position":3,"name":"Uchwyt HeartSave Wall mount Premium (seria HeartSave)"}]},{"@type":"WebSite","@id":"https:\/\/sklep.med4life.com.pl\/#website","url":"https:\/\/sklep.med4life.com.pl\/","name":"sklep.med4life.com.pl","description":"","potentialAction":[{"@type":"SearchAction","target":{"@type":"EntryPoint","urlTemplate":"https:\/\/sklep.med4life.com.pl\/?s={search_term_string}"},"query-input":{"@type":"PropertyValueSpecification","valueRequired":true,"valueName":"search_term_string"}}],"inLanguage":"en-US"}]}},"_links":{"self":[{"href":"https:\/\/sklep.med4life.com.pl\/en\/wp-json\/wp\/v2\/product\/6698","targetHints":{"allow":["GET"]}}],"collection":[{"href":"https:\/\/sklep.med4life.com.pl\/en\/wp-json\/wp\/v2\/product"}],"about":[{"href":"https:\/\/sklep.med4life.com.pl\/en\/wp-json\/wp\/v2\/types\/product"}],"replies":[{"embeddable":true,"href":"https:\/\/sklep.med4life.com.pl\/en\/wp-json\/wp\/v2\/comments?post=6698"}],"wp:featuredmedia":[{"embeddable":true,"href":"https:\/\/sklep.med4life.com.pl\/en\/wp-json\/wp\/v2\/media\/6699"}],"wp:attachment":[{"href":"https:\/\/sklep.med4life.com.pl\/en\/wp-json\/wp\/v2\/media?parent=6698"}],"wp:term":[{"taxonomy":"product_cat","embeddable":true,"href":"https:\/\/sklep.med4life.com.pl\/en\/wp-json\/wp\/v2\/product_cat?post=6698"},{"taxonomy":"product_tag","embeddable":true,"href":"https:\/\/sklep.med4life.com.pl\/en\/wp-json\/wp\/v2\/product_tag?post=6698"}],"curies":[{"name":"wp","href":"https:\/\/api.w.org\/{rel}","templated":true}]}}