{"id":6701,"date":"2025-04-24T18:10:45","date_gmt":"2025-04-24T16:10:45","guid":{"rendered":"https:\/\/sklep.med4life.com.pl\/?post_type=product&#038;p=6701"},"modified":"2025-04-24T18:10:46","modified_gmt":"2025-04-24T16:10:46","slug":"elektrody-treningowe-primedic-heartsave-y-ya","status":"publish","type":"product","link":"https:\/\/sklep.med4life.com.pl\/en\/product\/elektrody-treningowe-primedic-heartsave-y-ya\/","title":{"rendered":"Elektrody treningowe Primedic HeartSave Y \/ YA"},"content":{"rendered":"<p>Elektrody uniwersalne Primedic do HeartSave Y\/YA<\/p>\n<p>kod: 97846<\/p>\n<p>Elektrody uniwersalne do defibrylator\u00f3w Primedic HearSave.<br \/>\nPasuj\u0105 do defibrylator\u00f3w AED z serii HeartSave: Y i YA.<\/p>\n<p>Informacje og\u00f3lne:<br \/>\n\u2013 elektrody wielofunkcyjne do defibrylacji, stymulacji i kardiowersji,<br \/>\n\u2013 uniwersalne (rozmiar dla doros\u0142ych i dzieci),<br \/>\n\u2013 jednorazowe, samoprzylepne,<br \/>\n&#8211; do 50 wstrz\u0105s\u00f3w z energi\u0105 360 J,<br \/>\n&#8211; nie u\u017cywa\u0107 elektrod, kt\u00f3rych termin wa\u017cno\u015bci up\u0142yn\u0105\u0142,<br \/>\n&#8211; ka\u017cda elektroda jest pokryta warstw\u0105 klej\u0105cego \u017celu, je\u015bli \u017cel nie przykleja si\u0119 prawid\u0142owo, nale\u017cy wymieni\u0107 elektrody na nowe,<br \/>\n\u2013 elektrody dostarczane s\u0105 z kablem przy\u0142\u0105czeniowym \u2013 wystaj\u0105cy poza opakowanie fragment kabla z wtyczk\u0105, mo\u017ce by\u0107 pod\u0142\u0105czony do AED od razu po zakupie urz\u0105dzenia, dzi\u0119ki czemu czas dzia\u0142ania w razie zagro\u017cenie \u017cycia jest kr\u00f3tszy,<br \/>\n&#8211; elektrody opakowane s\u0105 w grub\u0105 foli\u0119 chroni\u0105c\u0105 przed uszkodzeniem. Zaleca si\u0119 sprawdza\u0107 opakowanie elektrod przed ich u\u017cyciem pod k\u0105tem uszkodze\u0144 i je\u015bli opakowanie jest uszkodzone, nie powinno si\u0119 ich u\u017cy\u0107.<\/p>\n<p>Elektrody Primedic do HeartSave Y i YA s\u0105 elektrodami uniwersalnymi i mog\u0105 by\u0107 u\u017cyte do defibrylacji zar\u00f3wno os\u00f3b doros\u0142ych jak i dzieci. W przypadku defibrylacji os\u00f3b doros\u0142ych, elektrody przykleja si\u0119 w pozycji prz\u00f3d-prz\u00f3d, w przypadku dzieci w pozycji prz\u00f3d-ty\u0142. Instrukcja jak przymocowa\u0107 poprawnie elektrody do pacjenta znajduje si\u0119 na opakowaniu, a tak\u017ce na ka\u017cdej z elektrod.<\/p>\n<p>UWAGA! Klej\u0105ca substancja pokrywaj\u0105ca elektrody zapewnia optymalne przyleganie powierzchni elektrod do sk\u00f3ry pacjenta. Dlatego te\u017c nie nale\u017cy otwiera\u0107 opakowania elektrod, je\u015bli ich zastosowanie nie jest wymagane. Nale\u017cy te\u017c okresowo kontrolowa\u0107 termin wa\u017cno\u015bci elektrod.<\/p>\n<p>Specyfikacja:<br \/>\n&#8211; powierzchnia elektrod: ca\u0142kowita powierzchnia ok. 105 cm\u00b2, powierzchnia klej\u0105ca ok. 85 cm\u00b2, powierzchnia \u017celu \/ powierzchnia aktywna ok. 68 cm\u00b2,<br \/>\n&#8211; ca\u0142kowita d\u0142ugo\u015b\u0107 kabla: 130 cm (wewn\u0105trz opakowania: 105 cm, na zewn\u0105trz: 25 cm),<br \/>\n&#8211; okres przydatno\u015bci: do 36 miesi\u0119cy.<\/p>\n<p>Elektrody Primedic SavePads PreConnect-Set sprzedawane s\u0105 w zestawie z miniapteczk\u0105.<\/p>","protected":false},"excerpt":{"rendered":"<p>Elektrody uniwersalne do defibrylator\u00f3w Primedic HearSave.<br \/>\nPasuj\u0105 do defibrylator\u00f3w AED z serii HeartSave: Y i YA.<\/p>\n<p>Informacje og\u00f3lne:<br \/>\n\u2013 elektrody wielofunkcyjne do defibrylacji, stymulacji i kardiowersji,<br \/>\n\u2013 uniwersalne (rozmiar dla doros\u0142ych i dzieci),<br \/>\n\u2013 jednorazowe, samoprzylepne,<br \/>\n&#8211; do 50 wstrz\u0105s\u00f3w z energi\u0105 360 J,<br \/>\n&#8211; nie u\u017cywa\u0107 elektrod, kt\u00f3rych termin wa\u017cno\u015bci up\u0142yn\u0105\u0142,<br \/>\n&#8211; ka\u017cda elektroda jest pokryta warstw\u0105 klej\u0105cego \u017celu, je\u015bli \u017cel nie przykleja si\u0119 prawid\u0142owo, nale\u017cy wymieni\u0107 elektrody na nowe,<br \/>\n\u2013 elektrody dostarczane s\u0105 z kablem przy\u0142\u0105czeniowym \u2013 wystaj\u0105cy poza opakowanie fragment kabla z wtyczk\u0105, mo\u017ce by\u0107 pod\u0142\u0105czony do AED od razu po zakupie urz\u0105dzenia, dzi\u0119ki czemu czas dzia\u0142ania w razie zagro\u017cenie \u017cycia jest kr\u00f3tszy,<br \/>\n&#8211; elektrody opakowane s\u0105 w grub\u0105 foli\u0119 chroni\u0105c\u0105 przed uszkodzeniem. Zaleca si\u0119 sprawdza\u0107 opakowanie elektrod przed ich u\u017cyciem pod k\u0105tem uszkodze\u0144 i je\u015bli opakowanie jest uszkodzone, nie powinno si\u0119 ich u\u017cy\u0107.<\/p>\n<p>Elektrody Primedic do HeartSave Y i YA s\u0105 elektrodami uniwersalnymi i mog\u0105 by\u0107 u\u017cyte do defibrylacji zar\u00f3wno os\u00f3b doros\u0142ych jak i dzieci. W przypadku defibrylacji os\u00f3b doros\u0142ych, elektrody przykleja si\u0119 w pozycji prz\u00f3d-prz\u00f3d, w przypadku dzieci w pozycji prz\u00f3d-ty\u0142. Instrukcja jak przymocowa\u0107 poprawnie elektrody do pacjenta znajduje si\u0119 na opakowaniu, a tak\u017ce na ka\u017cdej z elektrod.<\/p>","protected":false},"featured_media":6704,"comment_status":"open","ping_status":"closed","template":"","meta":{"content-type":"","om_disable_all_campaigns":false,"_monsterinsights_skip_tracking":false,"_monsterinsights_sitenote_active":false,"_monsterinsights_sitenote_note":"","_monsterinsights_sitenote_category":0},"product_cat":[93],"product_tag":[],"class_list":{"0":"post-6701","1":"product","2":"type-product","3":"status-publish","4":"has-post-thumbnail","6":"product_cat-baterie-i-akcesoria","8":"first","9":"instock","10":"shipping-taxable","11":"product-type-simple"},"yoast_head":"<!-- This site is optimized with the Yoast SEO plugin v23.8 - https:\/\/yoast.com\/wordpress\/plugins\/seo\/ -->\n<title>Elektrody treningowe Primedic HeartSave Y \/ YA - sklep.med4life.com.pl<\/title>\n<meta name=\"robots\" content=\"index, follow, max-snippet:-1, max-image-preview:large, max-video-preview:-1\" \/>\n<link rel=\"canonical\" href=\"https:\/\/sklep.med4life.com.pl\/en\/product\/elektrody-treningowe-primedic-heartsave-y-ya\/\" \/>\n<meta property=\"og:locale\" content=\"en_US\" \/>\n<meta property=\"og:type\" content=\"article\" \/>\n<meta property=\"og:title\" content=\"Elektrody treningowe Primedic HeartSave Y \/ YA - sklep.med4life.com.pl\" \/>\n<meta property=\"og:description\" content=\"Elektrody uniwersalne do defibrylator\u00f3w Primedic HearSave. Pasuj\u0105 do defibrylator\u00f3w AED z serii HeartSave: Y i YA.  Informacje og\u00f3lne: \u2013 elektrody wielofunkcyjne do defibrylacji, stymulacji i kardiowersji, \u2013 uniwersalne (rozmiar dla doros\u0142ych i dzieci), \u2013 jednorazowe, samoprzylepne, - do 50 wstrz\u0105s\u00f3w z energi\u0105 360 J, - nie u\u017cywa\u0107 elektrod, kt\u00f3rych termin wa\u017cno\u015bci up\u0142yn\u0105\u0142, - ka\u017cda elektroda jest pokryta warstw\u0105 klej\u0105cego \u017celu, je\u015bli \u017cel nie przykleja si\u0119 prawid\u0142owo, nale\u017cy wymieni\u0107 elektrody na nowe, \u2013 elektrody dostarczane s\u0105 z kablem przy\u0142\u0105czeniowym \u2013 wystaj\u0105cy poza opakowanie fragment kabla z wtyczk\u0105, mo\u017ce by\u0107 pod\u0142\u0105czony do AED od razu po zakupie urz\u0105dzenia, dzi\u0119ki czemu czas dzia\u0142ania w razie zagro\u017cenie \u017cycia jest kr\u00f3tszy, - elektrody opakowane s\u0105 w grub\u0105 foli\u0119 chroni\u0105c\u0105 przed uszkodzeniem. Zaleca si\u0119 sprawdza\u0107 opakowanie elektrod przed ich u\u017cyciem pod k\u0105tem uszkodze\u0144 i je\u015bli opakowanie jest uszkodzone, nie powinno si\u0119 ich u\u017cy\u0107.  Elektrody Primedic do HeartSave Y i YA s\u0105 elektrodami uniwersalnymi i mog\u0105 by\u0107 u\u017cyte do defibrylacji zar\u00f3wno os\u00f3b doros\u0142ych jak i dzieci. W przypadku defibrylacji os\u00f3b doros\u0142ych, elektrody przykleja si\u0119 w pozycji prz\u00f3d-prz\u00f3d, w przypadku dzieci w pozycji prz\u00f3d-ty\u0142. Instrukcja jak przymocowa\u0107 poprawnie elektrody do pacjenta znajduje si\u0119 na opakowaniu, a tak\u017ce na ka\u017cdej z elektrod.\" \/>\n<meta property=\"og:url\" content=\"https:\/\/sklep.med4life.com.pl\/en\/product\/elektrody-treningowe-primedic-heartsave-y-ya\/\" \/>\n<meta property=\"og:site_name\" content=\"sklep.med4life.com.pl\" \/>\n<meta property=\"article:modified_time\" content=\"2025-04-24T16:10:46+00:00\" \/>\n<meta property=\"og:image\" content=\"https:\/\/sklep.med4life.com.pl\/wp-content\/uploads\/2025\/04\/Primedic_elektrody_uniwersalne_HeartSave_Y-YA_97847_01.jpg\" \/>\n\t<meta property=\"og:image:width\" content=\"1200\" \/>\n\t<meta property=\"og:image:height\" content=\"1200\" \/>\n\t<meta property=\"og:image:type\" content=\"image\/jpeg\" \/>\n<meta name=\"twitter:card\" content=\"summary_large_image\" \/>\n<meta name=\"twitter:label1\" content=\"Est. reading time\" \/>\n\t<meta name=\"twitter:data1\" content=\"2 minutes\" \/>\n<script type=\"application\/ld+json\" class=\"yoast-schema-graph\">{\"@context\":\"https:\/\/schema.org\",\"@graph\":[{\"@type\":\"WebPage\",\"@id\":\"https:\/\/sklep.med4life.com.pl\/product\/elektrody-treningowe-primedic-heartsave-y-ya\/\",\"url\":\"https:\/\/sklep.med4life.com.pl\/product\/elektrody-treningowe-primedic-heartsave-y-ya\/\",\"name\":\"Elektrody treningowe Primedic HeartSave Y \/ YA - sklep.med4life.com.pl\",\"isPartOf\":{\"@id\":\"https:\/\/sklep.med4life.com.pl\/#website\"},\"primaryImageOfPage\":{\"@id\":\"https:\/\/sklep.med4life.com.pl\/product\/elektrody-treningowe-primedic-heartsave-y-ya\/#primaryimage\"},\"image\":{\"@id\":\"https:\/\/sklep.med4life.com.pl\/product\/elektrody-treningowe-primedic-heartsave-y-ya\/#primaryimage\"},\"thumbnailUrl\":\"https:\/\/sklep.med4life.com.pl\/wp-content\/uploads\/2025\/04\/Primedic_elektrody_uniwersalne_HeartSave_Y-YA_97847_01.jpg\",\"datePublished\":\"2025-04-24T16:10:45+00:00\",\"dateModified\":\"2025-04-24T16:10:46+00:00\",\"breadcrumb\":{\"@id\":\"https:\/\/sklep.med4life.com.pl\/product\/elektrody-treningowe-primedic-heartsave-y-ya\/#breadcrumb\"},\"inLanguage\":\"en-US\",\"potentialAction\":[{\"@type\":\"ReadAction\",\"target\":[\"https:\/\/sklep.med4life.com.pl\/product\/elektrody-treningowe-primedic-heartsave-y-ya\/\"]}]},{\"@type\":\"ImageObject\",\"inLanguage\":\"en-US\",\"@id\":\"https:\/\/sklep.med4life.com.pl\/product\/elektrody-treningowe-primedic-heartsave-y-ya\/#primaryimage\",\"url\":\"https:\/\/sklep.med4life.com.pl\/wp-content\/uploads\/2025\/04\/Primedic_elektrody_uniwersalne_HeartSave_Y-YA_97847_01.jpg\",\"contentUrl\":\"https:\/\/sklep.med4life.com.pl\/wp-content\/uploads\/2025\/04\/Primedic_elektrody_uniwersalne_HeartSave_Y-YA_97847_01.jpg\",\"width\":1200,\"height\":1200},{\"@type\":\"BreadcrumbList\",\"@id\":\"https:\/\/sklep.med4life.com.pl\/product\/elektrody-treningowe-primedic-heartsave-y-ya\/#breadcrumb\",\"itemListElement\":[{\"@type\":\"ListItem\",\"position\":1,\"name\":\"Strona g\u0142\u00f3wna\",\"item\":\"https:\/\/sklep.med4life.com.pl\/\"},{\"@type\":\"ListItem\",\"position\":2,\"name\":\"Sklep\",\"item\":\"https:\/\/sklep.med4life.com.pl\/shop\/\"},{\"@type\":\"ListItem\",\"position\":3,\"name\":\"Elektrody treningowe Primedic HeartSave Y \/ YA\"}]},{\"@type\":\"WebSite\",\"@id\":\"https:\/\/sklep.med4life.com.pl\/#website\",\"url\":\"https:\/\/sklep.med4life.com.pl\/\",\"name\":\"sklep.med4life.com.pl\",\"description\":\"\",\"potentialAction\":[{\"@type\":\"SearchAction\",\"target\":{\"@type\":\"EntryPoint\",\"urlTemplate\":\"https:\/\/sklep.med4life.com.pl\/?s={search_term_string}\"},\"query-input\":{\"@type\":\"PropertyValueSpecification\",\"valueRequired\":true,\"valueName\":\"search_term_string\"}}],\"inLanguage\":\"en-US\"}]}<\/script>\n<!-- \/ Yoast SEO plugin. -->","yoast_head_json":{"title":"Elektrody treningowe Primedic HeartSave Y \/ YA - sklep.med4life.com.pl","robots":{"index":"index","follow":"follow","max-snippet":"max-snippet:-1","max-image-preview":"max-image-preview:large","max-video-preview":"max-video-preview:-1"},"canonical":"https:\/\/sklep.med4life.com.pl\/en\/product\/elektrody-treningowe-primedic-heartsave-y-ya\/","og_locale":"en_US","og_type":"article","og_title":"Elektrody treningowe Primedic HeartSave Y \/ YA - sklep.med4life.com.pl","og_description":"Elektrody uniwersalne do defibrylator\u00f3w Primedic HearSave. Pasuj\u0105 do defibrylator\u00f3w AED z serii HeartSave: Y i YA.  Informacje og\u00f3lne: \u2013 elektrody wielofunkcyjne do defibrylacji, stymulacji i kardiowersji, \u2013 uniwersalne (rozmiar dla doros\u0142ych i dzieci), \u2013 jednorazowe, samoprzylepne, - do 50 wstrz\u0105s\u00f3w z energi\u0105 360 J, - nie u\u017cywa\u0107 elektrod, kt\u00f3rych termin wa\u017cno\u015bci up\u0142yn\u0105\u0142, - ka\u017cda elektroda jest pokryta warstw\u0105 klej\u0105cego \u017celu, je\u015bli \u017cel nie przykleja si\u0119 prawid\u0142owo, nale\u017cy wymieni\u0107 elektrody na nowe, \u2013 elektrody dostarczane s\u0105 z kablem przy\u0142\u0105czeniowym \u2013 wystaj\u0105cy poza opakowanie fragment kabla z wtyczk\u0105, mo\u017ce by\u0107 pod\u0142\u0105czony do AED od razu po zakupie urz\u0105dzenia, dzi\u0119ki czemu czas dzia\u0142ania w razie zagro\u017cenie \u017cycia jest kr\u00f3tszy, - elektrody opakowane s\u0105 w grub\u0105 foli\u0119 chroni\u0105c\u0105 przed uszkodzeniem. Zaleca si\u0119 sprawdza\u0107 opakowanie elektrod przed ich u\u017cyciem pod k\u0105tem uszkodze\u0144 i je\u015bli opakowanie jest uszkodzone, nie powinno si\u0119 ich u\u017cy\u0107.  Elektrody Primedic do HeartSave Y i YA s\u0105 elektrodami uniwersalnymi i mog\u0105 by\u0107 u\u017cyte do defibrylacji zar\u00f3wno os\u00f3b doros\u0142ych jak i dzieci. W przypadku defibrylacji os\u00f3b doros\u0142ych, elektrody przykleja si\u0119 w pozycji prz\u00f3d-prz\u00f3d, w przypadku dzieci w pozycji prz\u00f3d-ty\u0142. Instrukcja jak przymocowa\u0107 poprawnie elektrody do pacjenta znajduje si\u0119 na opakowaniu, a tak\u017ce na ka\u017cdej z elektrod.","og_url":"https:\/\/sklep.med4life.com.pl\/en\/product\/elektrody-treningowe-primedic-heartsave-y-ya\/","og_site_name":"sklep.med4life.com.pl","article_modified_time":"2025-04-24T16:10:46+00:00","og_image":[{"width":1200,"height":1200,"url":"https:\/\/sklep.med4life.com.pl\/wp-content\/uploads\/2025\/04\/Primedic_elektrody_uniwersalne_HeartSave_Y-YA_97847_01.jpg","type":"image\/jpeg"}],"twitter_card":"summary_large_image","twitter_misc":{"Est. reading time":"2 minutes"},"schema":{"@context":"https:\/\/schema.org","@graph":[{"@type":"WebPage","@id":"https:\/\/sklep.med4life.com.pl\/product\/elektrody-treningowe-primedic-heartsave-y-ya\/","url":"https:\/\/sklep.med4life.com.pl\/product\/elektrody-treningowe-primedic-heartsave-y-ya\/","name":"Elektrody treningowe Primedic HeartSave Y \/ YA - sklep.med4life.com.pl","isPartOf":{"@id":"https:\/\/sklep.med4life.com.pl\/#website"},"primaryImageOfPage":{"@id":"https:\/\/sklep.med4life.com.pl\/product\/elektrody-treningowe-primedic-heartsave-y-ya\/#primaryimage"},"image":{"@id":"https:\/\/sklep.med4life.com.pl\/product\/elektrody-treningowe-primedic-heartsave-y-ya\/#primaryimage"},"thumbnailUrl":"https:\/\/sklep.med4life.com.pl\/wp-content\/uploads\/2025\/04\/Primedic_elektrody_uniwersalne_HeartSave_Y-YA_97847_01.jpg","datePublished":"2025-04-24T16:10:45+00:00","dateModified":"2025-04-24T16:10:46+00:00","breadcrumb":{"@id":"https:\/\/sklep.med4life.com.pl\/product\/elektrody-treningowe-primedic-heartsave-y-ya\/#breadcrumb"},"inLanguage":"en-US","potentialAction":[{"@type":"ReadAction","target":["https:\/\/sklep.med4life.com.pl\/product\/elektrody-treningowe-primedic-heartsave-y-ya\/"]}]},{"@type":"ImageObject","inLanguage":"en-US","@id":"https:\/\/sklep.med4life.com.pl\/product\/elektrody-treningowe-primedic-heartsave-y-ya\/#primaryimage","url":"https:\/\/sklep.med4life.com.pl\/wp-content\/uploads\/2025\/04\/Primedic_elektrody_uniwersalne_HeartSave_Y-YA_97847_01.jpg","contentUrl":"https:\/\/sklep.med4life.com.pl\/wp-content\/uploads\/2025\/04\/Primedic_elektrody_uniwersalne_HeartSave_Y-YA_97847_01.jpg","width":1200,"height":1200},{"@type":"BreadcrumbList","@id":"https:\/\/sklep.med4life.com.pl\/product\/elektrody-treningowe-primedic-heartsave-y-ya\/#breadcrumb","itemListElement":[{"@type":"ListItem","position":1,"name":"Strona g\u0142\u00f3wna","item":"https:\/\/sklep.med4life.com.pl\/"},{"@type":"ListItem","position":2,"name":"Sklep","item":"https:\/\/sklep.med4life.com.pl\/shop\/"},{"@type":"ListItem","position":3,"name":"Elektrody treningowe Primedic HeartSave Y \/ YA"}]},{"@type":"WebSite","@id":"https:\/\/sklep.med4life.com.pl\/#website","url":"https:\/\/sklep.med4life.com.pl\/","name":"sklep.med4life.com.pl","description":"","potentialAction":[{"@type":"SearchAction","target":{"@type":"EntryPoint","urlTemplate":"https:\/\/sklep.med4life.com.pl\/?s={search_term_string}"},"query-input":{"@type":"PropertyValueSpecification","valueRequired":true,"valueName":"search_term_string"}}],"inLanguage":"en-US"}]}},"_links":{"self":[{"href":"https:\/\/sklep.med4life.com.pl\/en\/wp-json\/wp\/v2\/product\/6701","targetHints":{"allow":["GET"]}}],"collection":[{"href":"https:\/\/sklep.med4life.com.pl\/en\/wp-json\/wp\/v2\/product"}],"about":[{"href":"https:\/\/sklep.med4life.com.pl\/en\/wp-json\/wp\/v2\/types\/product"}],"replies":[{"embeddable":true,"href":"https:\/\/sklep.med4life.com.pl\/en\/wp-json\/wp\/v2\/comments?post=6701"}],"wp:featuredmedia":[{"embeddable":true,"href":"https:\/\/sklep.med4life.com.pl\/en\/wp-json\/wp\/v2\/media\/6704"}],"wp:attachment":[{"href":"https:\/\/sklep.med4life.com.pl\/en\/wp-json\/wp\/v2\/media?parent=6701"}],"wp:term":[{"taxonomy":"product_cat","embeddable":true,"href":"https:\/\/sklep.med4life.com.pl\/en\/wp-json\/wp\/v2\/product_cat?post=6701"},{"taxonomy":"product_tag","embeddable":true,"href":"https:\/\/sklep.med4life.com.pl\/en\/wp-json\/wp\/v2\/product_tag?post=6701"}],"curies":[{"name":"wp","href":"https:\/\/api.w.org\/{rel}","templated":true}]}}