{"id":6715,"date":"2025-04-24T18:19:05","date_gmt":"2025-04-24T16:19:05","guid":{"rendered":"https:\/\/sklep.med4life.com.pl\/?post_type=product&#038;p=6715"},"modified":"2026-01-12T13:06:23","modified_gmt":"2026-01-12T12:06:23","slug":"defibrylator-treningowy-xft-120c","status":"publish","type":"product","link":"https:\/\/sklep.med4life.com.pl\/en\/product\/defibrylator-treningowy-xft-120c\/","title":{"rendered":"Defibrylator treningowy XFT-120C+"},"content":{"rendered":"<p>Defibrylator treningowy XFT-120C+<\/p>\n<p>kod: XFT-120C+<\/p>\n<p>Trena\u017cer XFT-120C+ to urz\u0105dzenie szkoleniowe do nauki RKO z u\u017cyciem fantom\u00f3w. Bardzo dobrze odzwierciedla wzorce u\u017cytkowania medycznych urz\u0105dze\u0144 AED, a tak\u017ce wiernie odtwarza sytuacje kryzysowe wyst\u0119puj\u0105ce w prawdziwym \u017cyciu.<\/p>\n<p>FUNKCJE:<\/p>\n<p>&#8211; AED XFT-120C + mo\u017ce by\u0107 u\u017cywany z ka\u017cdym rodzajem manekina,<br \/>\n&#8211; 10 zaprogramowanych scenariuszy, pozwalaj\u0105cych prze\u0107wiczy\u0107 r\u00f3\u017cne sytuacje kryzysowe,<br \/>\n&#8211; r\u0119czne modyfikowanie przebiegu \u0107wiczenia za pomoc\u0105 za\u0142\u0105czonego pilota zdalnego sterowania,<br \/>\n&#8211; zgodno\u015b\u0107 z ERC i AHA,<br \/>\n&#8211; niskie zu\u017cycie baterii &#8211; komplet baterii pozwala na wiele szkole\u0144.<\/p>\n<p>W ZESTAWIE:<\/p>\n<p>&#8211; AED treningowy<br \/>\n&#8211; 3 x elektrody treningowe dla doros\u0142ych<br \/>\n&#8211; 2 x elektrody treningowe pediatryczne<br \/>\n&#8211; pilot zdalnego sterowania<br \/>\n&#8211; zasialcz<br \/>\n&#8211; z\u0142\u0105cze elektrod<br \/>\n&#8211; torba transportowa<br \/>\n&#8211; instrukcja obs\u0142ugi w j\u0119zyku polskim<\/p>\n<p>&nbsp;<\/p>","protected":false},"excerpt":{"rendered":"<p>Trena\u017cer XFT-120C+ to urz\u0105dzenie szkoleniowe do nauki RKO z u\u017cyciem fantom\u00f3w. Bardzo dobrze odzwierciedla wzorce u\u017cytkowania medycznych urz\u0105dze\u0144 AED, a tak\u017ce wiernie odtwarza sytuacje kryzysowe wyst\u0119puj\u0105ce w prawdziwym \u017cyciu.<\/p>\n<p>FUNKCJE:<\/p>\n<p>&#8211; AED XFT-120C + mo\u017ce by\u0107 u\u017cywany z ka\u017cdym rodzajem manekina,<br \/>\n&#8211; 10 zaprogramowanych scenariuszy, pozwalaj\u0105cych prze\u0107wiczy\u0107 r\u00f3\u017cne sytuacje kryzysowe,<br \/>\n&#8211; r\u0119czne modyfikowanie przebiegu \u0107wiczenia za pomoc\u0105 za\u0142\u0105czonego pilota zdalnego sterowania,<br \/>\n&#8211; zgodno\u015b\u0107 z ERC i AHA,<br \/>\n&#8211; niskie zu\u017cycie baterii &#8211; komplet baterii pozwala na wiele szkole\u0144.<\/p>","protected":false},"featured_media":6716,"comment_status":"open","ping_status":"closed","template":"","meta":{"content-type":"","om_disable_all_campaigns":false,"_monsterinsights_skip_tracking":false,"_monsterinsights_sitenote_active":false,"_monsterinsights_sitenote_note":"","_monsterinsights_sitenote_category":0},"product_cat":[95],"product_tag":[],"class_list":{"0":"post-6715","1":"product","2":"type-product","3":"status-publish","4":"has-post-thumbnail","6":"product_cat-defibrylatory","8":"first","9":"instock","10":"shipping-taxable","11":"product-type-simple"},"yoast_head":"<!-- This site is optimized with the Yoast SEO plugin v23.8 - https:\/\/yoast.com\/wordpress\/plugins\/seo\/ -->\n<title>Defibrylator treningowy XFT-120C+ - sklep.med4life.com.pl<\/title>\n<meta name=\"robots\" content=\"index, follow, max-snippet:-1, max-image-preview:large, max-video-preview:-1\" \/>\n<link rel=\"canonical\" href=\"https:\/\/sklep.med4life.com.pl\/en\/product\/defibrylator-treningowy-xft-120c\/\" \/>\n<meta property=\"og:locale\" content=\"en_US\" \/>\n<meta property=\"og:type\" content=\"article\" \/>\n<meta property=\"og:title\" content=\"Defibrylator treningowy XFT-120C+ - sklep.med4life.com.pl\" \/>\n<meta property=\"og:description\" content=\"Trena\u017cer XFT-120C+ to urz\u0105dzenie szkoleniowe do nauki RKO z u\u017cyciem fantom\u00f3w. Bardzo dobrze odzwierciedla wzorce u\u017cytkowania medycznych urz\u0105dze\u0144 AED, a tak\u017ce wiernie odtwarza sytuacje kryzysowe wyst\u0119puj\u0105ce w prawdziwym \u017cyciu.  FUNKCJE:  - AED XFT-120C + mo\u017ce by\u0107 u\u017cywany z ka\u017cdym rodzajem manekina, - 10 zaprogramowanych scenariuszy, pozwalaj\u0105cych prze\u0107wiczy\u0107 r\u00f3\u017cne sytuacje kryzysowe, - r\u0119czne modyfikowanie przebiegu \u0107wiczenia za pomoc\u0105 za\u0142\u0105czonego pilota zdalnego sterowania, - zgodno\u015b\u0107 z ERC i AHA, - niskie zu\u017cycie baterii - komplet baterii pozwala na wiele szkole\u0144.\" \/>\n<meta property=\"og:url\" content=\"https:\/\/sklep.med4life.com.pl\/en\/product\/defibrylator-treningowy-xft-120c\/\" \/>\n<meta property=\"og:site_name\" content=\"sklep.med4life.com.pl\" \/>\n<meta property=\"article:modified_time\" content=\"2026-01-12T12:06:23+00:00\" \/>\n<meta property=\"og:image\" content=\"https:\/\/sklep.med4life.com.pl\/wp-content\/uploads\/2025\/04\/XFT__defibrylator_treningowy_XFT-120C_01.jpg\" \/>\n\t<meta property=\"og:image:width\" content=\"1200\" \/>\n\t<meta property=\"og:image:height\" content=\"1200\" \/>\n\t<meta property=\"og:image:type\" content=\"image\/jpeg\" \/>\n<meta name=\"twitter:card\" content=\"summary_large_image\" \/>\n<meta name=\"twitter:label1\" content=\"Est. reading time\" \/>\n\t<meta name=\"twitter:data1\" content=\"1 minute\" \/>\n<script type=\"application\/ld+json\" class=\"yoast-schema-graph\">{\"@context\":\"https:\/\/schema.org\",\"@graph\":[{\"@type\":\"WebPage\",\"@id\":\"https:\/\/sklep.med4life.com.pl\/product\/defibrylator-treningowy-xft-120c\/\",\"url\":\"https:\/\/sklep.med4life.com.pl\/product\/defibrylator-treningowy-xft-120c\/\",\"name\":\"Defibrylator treningowy XFT-120C+ - sklep.med4life.com.pl\",\"isPartOf\":{\"@id\":\"https:\/\/sklep.med4life.com.pl\/#website\"},\"primaryImageOfPage\":{\"@id\":\"https:\/\/sklep.med4life.com.pl\/product\/defibrylator-treningowy-xft-120c\/#primaryimage\"},\"image\":{\"@id\":\"https:\/\/sklep.med4life.com.pl\/product\/defibrylator-treningowy-xft-120c\/#primaryimage\"},\"thumbnailUrl\":\"https:\/\/sklep.med4life.com.pl\/wp-content\/uploads\/2025\/04\/XFT__defibrylator_treningowy_XFT-120C_01.jpg\",\"datePublished\":\"2025-04-24T16:19:05+00:00\",\"dateModified\":\"2026-01-12T12:06:23+00:00\",\"breadcrumb\":{\"@id\":\"https:\/\/sklep.med4life.com.pl\/product\/defibrylator-treningowy-xft-120c\/#breadcrumb\"},\"inLanguage\":\"en-US\",\"potentialAction\":[{\"@type\":\"ReadAction\",\"target\":[\"https:\/\/sklep.med4life.com.pl\/product\/defibrylator-treningowy-xft-120c\/\"]}]},{\"@type\":\"ImageObject\",\"inLanguage\":\"en-US\",\"@id\":\"https:\/\/sklep.med4life.com.pl\/product\/defibrylator-treningowy-xft-120c\/#primaryimage\",\"url\":\"https:\/\/sklep.med4life.com.pl\/wp-content\/uploads\/2025\/04\/XFT__defibrylator_treningowy_XFT-120C_01.jpg\",\"contentUrl\":\"https:\/\/sklep.med4life.com.pl\/wp-content\/uploads\/2025\/04\/XFT__defibrylator_treningowy_XFT-120C_01.jpg\",\"width\":1200,\"height\":1200},{\"@type\":\"BreadcrumbList\",\"@id\":\"https:\/\/sklep.med4life.com.pl\/product\/defibrylator-treningowy-xft-120c\/#breadcrumb\",\"itemListElement\":[{\"@type\":\"ListItem\",\"position\":1,\"name\":\"Strona g\u0142\u00f3wna\",\"item\":\"https:\/\/sklep.med4life.com.pl\/\"},{\"@type\":\"ListItem\",\"position\":2,\"name\":\"Sklep\",\"item\":\"https:\/\/sklep.med4life.com.pl\/shop\/\"},{\"@type\":\"ListItem\",\"position\":3,\"name\":\"Defibrylator treningowy XFT-120C+\"}]},{\"@type\":\"WebSite\",\"@id\":\"https:\/\/sklep.med4life.com.pl\/#website\",\"url\":\"https:\/\/sklep.med4life.com.pl\/\",\"name\":\"sklep.med4life.com.pl\",\"description\":\"\",\"potentialAction\":[{\"@type\":\"SearchAction\",\"target\":{\"@type\":\"EntryPoint\",\"urlTemplate\":\"https:\/\/sklep.med4life.com.pl\/?s={search_term_string}\"},\"query-input\":{\"@type\":\"PropertyValueSpecification\",\"valueRequired\":true,\"valueName\":\"search_term_string\"}}],\"inLanguage\":\"en-US\"}]}<\/script>\n<!-- \/ Yoast SEO plugin. -->","yoast_head_json":{"title":"Defibrylator treningowy XFT-120C+ - sklep.med4life.com.pl","robots":{"index":"index","follow":"follow","max-snippet":"max-snippet:-1","max-image-preview":"max-image-preview:large","max-video-preview":"max-video-preview:-1"},"canonical":"https:\/\/sklep.med4life.com.pl\/en\/product\/defibrylator-treningowy-xft-120c\/","og_locale":"en_US","og_type":"article","og_title":"Defibrylator treningowy XFT-120C+ - sklep.med4life.com.pl","og_description":"Trena\u017cer XFT-120C+ to urz\u0105dzenie szkoleniowe do nauki RKO z u\u017cyciem fantom\u00f3w. Bardzo dobrze odzwierciedla wzorce u\u017cytkowania medycznych urz\u0105dze\u0144 AED, a tak\u017ce wiernie odtwarza sytuacje kryzysowe wyst\u0119puj\u0105ce w prawdziwym \u017cyciu.  FUNKCJE:  - AED XFT-120C + mo\u017ce by\u0107 u\u017cywany z ka\u017cdym rodzajem manekina, - 10 zaprogramowanych scenariuszy, pozwalaj\u0105cych prze\u0107wiczy\u0107 r\u00f3\u017cne sytuacje kryzysowe, - r\u0119czne modyfikowanie przebiegu \u0107wiczenia za pomoc\u0105 za\u0142\u0105czonego pilota zdalnego sterowania, - zgodno\u015b\u0107 z ERC i AHA, - niskie zu\u017cycie baterii - komplet baterii pozwala na wiele szkole\u0144.","og_url":"https:\/\/sklep.med4life.com.pl\/en\/product\/defibrylator-treningowy-xft-120c\/","og_site_name":"sklep.med4life.com.pl","article_modified_time":"2026-01-12T12:06:23+00:00","og_image":[{"width":1200,"height":1200,"url":"https:\/\/sklep.med4life.com.pl\/wp-content\/uploads\/2025\/04\/XFT__defibrylator_treningowy_XFT-120C_01.jpg","type":"image\/jpeg"}],"twitter_card":"summary_large_image","twitter_misc":{"Est. reading time":"1 minute"},"schema":{"@context":"https:\/\/schema.org","@graph":[{"@type":"WebPage","@id":"https:\/\/sklep.med4life.com.pl\/product\/defibrylator-treningowy-xft-120c\/","url":"https:\/\/sklep.med4life.com.pl\/product\/defibrylator-treningowy-xft-120c\/","name":"Defibrylator treningowy XFT-120C+ - sklep.med4life.com.pl","isPartOf":{"@id":"https:\/\/sklep.med4life.com.pl\/#website"},"primaryImageOfPage":{"@id":"https:\/\/sklep.med4life.com.pl\/product\/defibrylator-treningowy-xft-120c\/#primaryimage"},"image":{"@id":"https:\/\/sklep.med4life.com.pl\/product\/defibrylator-treningowy-xft-120c\/#primaryimage"},"thumbnailUrl":"https:\/\/sklep.med4life.com.pl\/wp-content\/uploads\/2025\/04\/XFT__defibrylator_treningowy_XFT-120C_01.jpg","datePublished":"2025-04-24T16:19:05+00:00","dateModified":"2026-01-12T12:06:23+00:00","breadcrumb":{"@id":"https:\/\/sklep.med4life.com.pl\/product\/defibrylator-treningowy-xft-120c\/#breadcrumb"},"inLanguage":"en-US","potentialAction":[{"@type":"ReadAction","target":["https:\/\/sklep.med4life.com.pl\/product\/defibrylator-treningowy-xft-120c\/"]}]},{"@type":"ImageObject","inLanguage":"en-US","@id":"https:\/\/sklep.med4life.com.pl\/product\/defibrylator-treningowy-xft-120c\/#primaryimage","url":"https:\/\/sklep.med4life.com.pl\/wp-content\/uploads\/2025\/04\/XFT__defibrylator_treningowy_XFT-120C_01.jpg","contentUrl":"https:\/\/sklep.med4life.com.pl\/wp-content\/uploads\/2025\/04\/XFT__defibrylator_treningowy_XFT-120C_01.jpg","width":1200,"height":1200},{"@type":"BreadcrumbList","@id":"https:\/\/sklep.med4life.com.pl\/product\/defibrylator-treningowy-xft-120c\/#breadcrumb","itemListElement":[{"@type":"ListItem","position":1,"name":"Strona g\u0142\u00f3wna","item":"https:\/\/sklep.med4life.com.pl\/"},{"@type":"ListItem","position":2,"name":"Sklep","item":"https:\/\/sklep.med4life.com.pl\/shop\/"},{"@type":"ListItem","position":3,"name":"Defibrylator treningowy XFT-120C+"}]},{"@type":"WebSite","@id":"https:\/\/sklep.med4life.com.pl\/#website","url":"https:\/\/sklep.med4life.com.pl\/","name":"sklep.med4life.com.pl","description":"","potentialAction":[{"@type":"SearchAction","target":{"@type":"EntryPoint","urlTemplate":"https:\/\/sklep.med4life.com.pl\/?s={search_term_string}"},"query-input":{"@type":"PropertyValueSpecification","valueRequired":true,"valueName":"search_term_string"}}],"inLanguage":"en-US"}]}},"_links":{"self":[{"href":"https:\/\/sklep.med4life.com.pl\/en\/wp-json\/wp\/v2\/product\/6715","targetHints":{"allow":["GET"]}}],"collection":[{"href":"https:\/\/sklep.med4life.com.pl\/en\/wp-json\/wp\/v2\/product"}],"about":[{"href":"https:\/\/sklep.med4life.com.pl\/en\/wp-json\/wp\/v2\/types\/product"}],"replies":[{"embeddable":true,"href":"https:\/\/sklep.med4life.com.pl\/en\/wp-json\/wp\/v2\/comments?post=6715"}],"wp:featuredmedia":[{"embeddable":true,"href":"https:\/\/sklep.med4life.com.pl\/en\/wp-json\/wp\/v2\/media\/6716"}],"wp:attachment":[{"href":"https:\/\/sklep.med4life.com.pl\/en\/wp-json\/wp\/v2\/media?parent=6715"}],"wp:term":[{"taxonomy":"product_cat","embeddable":true,"href":"https:\/\/sklep.med4life.com.pl\/en\/wp-json\/wp\/v2\/product_cat?post=6715"},{"taxonomy":"product_tag","embeddable":true,"href":"https:\/\/sklep.med4life.com.pl\/en\/wp-json\/wp\/v2\/product_tag?post=6715"}],"curies":[{"name":"wp","href":"https:\/\/api.w.org\/{rel}","templated":true}]}}