{"id":6719,"date":"2025-04-24T18:22:12","date_gmt":"2025-04-24T16:22:12","guid":{"rendered":"https:\/\/sklep.med4life.com.pl\/?post_type=product&#038;p=6719"},"modified":"2025-04-24T18:25:28","modified_gmt":"2025-04-24T16:25:28","slug":"defibrylator-zoll-aed-3-semi","status":"publish","type":"product","link":"https:\/\/sklep.med4life.com.pl\/en\/product\/defibrylator-zoll-aed-3-semi\/","title":{"rendered":"Defibrylator ZOLL AED PLUS"},"content":{"rendered":"<p>Defibrylator ZOLL AED PLUS<\/p>\n<p>kod: 20200000102011040<\/p>\n<p>Defibrylator ZOLL\u00ae AED Plus\u2122 to nie tylko prosty w obs\u0142udze defibrylator p\u00f3\u0142automatyczny, ale przede wszystkim urz\u0105dzenie, kt\u00f3re wspiera ratownika w czasie ca\u0142ej akcji ratowniczej, pocz\u0105wszy od pierwszych czynno\u015bci na miejscu zdarzenia, przez analiz\u0119 rytmu serca, a\u017c po wspomaganie prowadzenia efektywnych i poprawnych uci\u015bni\u0119\u0107 klatki piersiowej. Jak ka\u017cdy defibrylator AED, Zoll AED Plus automatycznie analizuje stan pacjenta na podstawie zapisu EKG i podejmuje decyzj\u0119 co do dalszego post\u0119powania.<\/p>\n<p>Opracowana przez firm\u0119 Zoll technologia Real CPR Help dostarcza ratownikowi, w czasie rzeczywistym, wskaz\u00f3wki dotycz\u0105ce prowadzenia resuscytacji kr\u0105\u017ceniowo-oddechowej zgodne z wytycznymi ERC (Europejskiej Rady Resuscytacji).<\/p>\n<p>Cechy urz\u0105dzenia:<\/p>\n<p>&#8211; p\u00f3\u0142automatyczny defibrylator zewn\u0119trzny,<br \/>\n&#8211; przeprowadza ratownika przez pe\u0142en \u201e\u0142a\u0144cuch prze\u017cycia\u201d \u2013 przy pomocy komunikat\u00f3w g\u0142osowych i s\u0142ownych na wy\u015bwietlaczu, oraz za pomoc\u0105 pod\u015bwietlanych piktogram\u00f3w na obudowie, urz\u0105dzenie informuje o wszystkich czyno\u015bciach ratowniczych koniecznych do wykonania,<br \/>\n&#8211; wy\u015bwietlacza LCD: wy\u015bwietla czas, jaki up\u0142yn\u0105\u0142, od uruchomienia AED, liczb\u0119 wykonanych<br \/>\nwstrz\u0105s\u00f3w, komunikaty tekstowe odpowiadaj\u0105ce komunikatom g\u0142osowym, g\u0142\u0119boko\u015b\u0107 uciskania podczas reanimacji,<br \/>\n&#8211; urz\u0105dzenie, przy u\u017cyciu elektrod z funkcj\u0105 CPR, na bie\u017c\u0105co informuje ratownika wykonuj\u0105cego uci\u015bni\u0119cia czy wykonywane s\u0105 one w odpowiednim tempie i z odpowiedni\u0105 si\u0142\u0105 nacisku &#8211; komunikaty podawane s\u0105 zar\u00f3wno g\u0142osowo jaki i w formie informacji tekstowych na wy\u015bwietlaczu,<br \/>\n&#8211; metronom, dodatkowo u\u0142atwia zachowanie odpowiedniego tempa ucisk\u00f3w,<br \/>\n&#8211; defibrylator wyposa\u017cony w elektrody dla doros\u0142ych Zoll CPR-D Padz &#8211; urz\u0105dzenie nie posiada trybu pediatrycznego, w przypadku dzieci poni\u017cej 8 roku \u017cycia lub poni\u017cej 25 kg masy cia\u0142a zalecane jest zastosowanie elektrody pediatrycznej Pedi-Padz II,<br \/>\n&#8211; j\u0119zyk komunikat\u00f3w: polski,<br \/>\n&#8211; autotesty: mo\u017cliwo\u015b\u0107 wyboru codziennych lub cotygodniowych autotest\u00f3w, dzi\u0119ki kt\u00f3rym sprawdzany jest regularnie stan techniczny urz\u0105dzenia, a tak\u017ce pojemno\u015b\u0107 baterii i pod\u0142\u0105czenie elektrod. Dodatkowo urz\u0105dzenie przeprowadza comiesi\u0119czny test pe\u0142nej energii (200 J). Po wykryciu nieprawid\u0142owo\u015bci, po kt\u00f3rymkolwiek autote\u015bcie, wska\u017anik stanu urz\u0105dzenia znajduj\u0105cy si\u0119 na obudowie zmienienia si\u0119 na czerwony,<br \/>\n&#8211; zasilany na uniwersalne baterie litowe LR123,<br \/>\n&#8211; IP55: odporno\u015b\u0107 na wod\u0119, py\u0142 i uszkodzenia mechaniczne.<\/p>\n<p>Parametry defibrylacji:<\/p>\n<p>&#8211; energia wyj\u015bciowa: w przypadku pacjent\u00f3w doros\u0142ych wynosi 150 J przy 50 \u03a9,<br \/>\n&#8211; czas \u0142adowania: &lt; 10 sekund,<br \/>\n&#8211; przerwa w RKO: 12 sekund,<br \/>\n&#8211; fala ma kszta\u0142t prostoliniowy dwufazowy.<\/p>\n<p>EKG:<\/p>\n<p>&#8211; odprowadzenie EKG na poziomie II,<br \/>\n&#8211; reakcja na cz\u0119stotliwo\u015b\u0107 od 1 Hz do 30 Hz,<br \/>\n&#8211; zakres impedancji pacjenta 0 \u03a9 do 300 \u03a9.<\/p>\n<p>Bateria:<\/p>\n<p>&#8211; baterie 10 szt., typ: 123A<br \/>\n&#8211; wystarczaj\u0105 na ok. 300 wy\u0142adowa\u0144 (200J) lub 13 godzin ci\u0105g\u0142ej pracy,<br \/>\n&#8211; 5 lat \u017cywotno\u015bci,<br \/>\n&#8211; zakres temperatur: w trybie pracy i czuwania od 0 \u2070C do 50 \u2070C, w trybie przechowywania: od -30\u2070C do 60\u2070C.<\/p>\n<p>Przechowywanie i transfer danych:<\/p>\n<p>&#8211; wewn\u0119trzna pami\u0119\u0107: 7 godzin danych EKG i RKO. Je\u015bli opcja nagrywania d\u017awi\u0119ku jest zainstalowana i w\u0142\u0105czona: 20 minut nagra\u0144 audio, EKG i danych RKO.<\/p>\n<p>Waga i wymiary:<\/p>\n<p>&#8211; wymiary: 29,2 x 24,1 x 13,3 cm (szer. x d\u0142. x wys.),<br \/>\n&#8211; waga: 3,1 kg wraz z bateri\u0105 i elektrodami.<\/p>\n<p>Wy\u015bwietlacz LCD:<\/p>\n<p>&#8211; wymiary: 66 x 33 mm (2,6 x 1,3 cali), przek\u0105tna: ~73,8 mm (2,9 cala)<br \/>\n&#8211; czas wy\u015bwietlania: 2,6 sekundy<br \/>\n&#8211; wy\u015bwietla komunikaty w czasie rzeczywistym o poprawno\u015bci (np. &#8222;dobry ucisk&#8221; lub b\u0142\u0119dach (np. &#8222;uciskaj mocniej&#8221;) w prowadzonej resuscytacji kr\u0105\u017ceniowo-oddechowej, a tak\u017ce o czynno\u015bciach, kt\u00f3re musi wykona\u0107 ratownik (np. &#8222;nie dotykaj pacjenta, analiza&#8221;)<\/p>\n<p>W sk\u0142ad zestawu wchodzi:<\/p>\n<p>&#8211; defibrylator Zoll AED Plus,<br \/>\n&#8211; 10 szt. baterii 123A,<br \/>\n&#8211; elektrody dla doros\u0142ych Zoll CPR-D Padz,<br \/>\n&#8211; miniapteczka (zawiera: r\u0119kawiczki bezlateksowe, mask\u0119 ochronn\u0105, golark\u0119, papierowy r\u0119cznik i \u015bciereczk\u0119),<br \/>\n&#8211; torba do przechowywania i transportowania AED,<br \/>\n&#8211; instrukcja obs\u0142ugi.<\/p>\n<p>&nbsp;<\/p>","protected":false},"excerpt":{"rendered":"<p>Cechy urz\u0105dzenia:<\/p>\n<p>&#8211; p\u00f3\u0142automatyczny defibrylator zewn\u0119trzny,<br \/>\n&#8211; przeprowadza ratownika przez pe\u0142en \u201e\u0142a\u0144cuch prze\u017cycia\u201d \u2013 przy pomocy komunikat\u00f3w g\u0142osowych i s\u0142ownych na wy\u015bwietlaczu, oraz za pomoc\u0105 pod\u015bwietlanych piktogram\u00f3w na obudowie, urz\u0105dzenie informuje o wszystkich czyno\u015bciach ratowniczych koniecznych do wykonania,<br \/>\n&#8211; wy\u015bwietlacza LCD: wy\u015bwietla czas, jaki up\u0142yn\u0105\u0142, od uruchomienia AED, liczb\u0119 wykonanych<br \/>\nwstrz\u0105s\u00f3w, komunikaty tekstowe odpowiadaj\u0105ce komunikatom g\u0142osowym, g\u0142\u0119boko\u015b\u0107 uciskania podczas reanimacji,<br \/>\n&#8211; urz\u0105dzenie, przy u\u017cyciu elektrod z funkcj\u0105 CPR, na bie\u017c\u0105co informuje ratownika wykonuj\u0105cego uci\u015bni\u0119cia czy wykonywane s\u0105 one w odpowiednim tempie i z odpowiedni\u0105 si\u0142\u0105 nacisku &#8211; komunikaty podawane s\u0105 zar\u00f3wno g\u0142osowo jaki i w formie informacji tekstowych na wy\u015bwietlaczu,<br \/>\n&#8211; metronom, dodatkowo u\u0142atwia zachowanie odpowiedniego tempa ucisk\u00f3w,<br \/>\n&#8211; defibrylator wyposa\u017cony w elektrody dla doros\u0142ych Zoll CPR-D Padz &#8211; urz\u0105dzenie nie posiada trybu pediatrycznego, w przypadku dzieci poni\u017cej 8 roku \u017cycia lub poni\u017cej 25 kg masy cia\u0142a zalecane jest zastosowanie elektrody pediatrycznej Pedi-Padz II,<br \/>\n&#8211; j\u0119zyk komunikat\u00f3w: polski,<br \/>\n&#8211; autotesty: mo\u017cliwo\u015b\u0107 wyboru codziennych lub cotygodniowych autotest\u00f3w, dzi\u0119ki kt\u00f3rym sprawdzany jest regularnie stan techniczny urz\u0105dzenia, a tak\u017ce pojemno\u015b\u0107 baterii i pod\u0142\u0105czenie elektrod. Dodatkowo urz\u0105dzenie przeprowadza comiesi\u0119czny test pe\u0142nej energii (200 J). Po wykryciu nieprawid\u0142owo\u015bci, po kt\u00f3rymkolwiek autote\u015bcie, wska\u017anik stanu urz\u0105dzenia znajduj\u0105cy si\u0119 na obudowie zmienienia si\u0119 na czerwony,<br \/>\n&#8211; zasilany na uniwersalne baterie litowe LR123,<br \/>\n&#8211; IP55: odporno\u015b\u0107 na wod\u0119, py\u0142 i uszkodzenia mechaniczne.<\/p>","protected":false},"featured_media":6720,"comment_status":"open","ping_status":"closed","template":"","meta":{"content-type":"","om_disable_all_campaigns":false,"_monsterinsights_skip_tracking":false,"_monsterinsights_sitenote_active":false,"_monsterinsights_sitenote_note":"","_monsterinsights_sitenote_category":0},"product_cat":[95],"product_tag":[],"class_list":{"0":"post-6719","1":"product","2":"type-product","3":"status-publish","4":"has-post-thumbnail","6":"product_cat-defibrylatory","8":"first","9":"instock","10":"shipping-taxable","11":"product-type-simple"},"yoast_head":"<!-- This site is optimized with the Yoast SEO plugin v23.8 - https:\/\/yoast.com\/wordpress\/plugins\/seo\/ -->\n<title>Defibrylator ZOLL AED PLUS - sklep.med4life.com.pl<\/title>\n<meta name=\"robots\" content=\"index, follow, max-snippet:-1, max-image-preview:large, max-video-preview:-1\" \/>\n<link rel=\"canonical\" href=\"https:\/\/sklep.med4life.com.pl\/en\/product\/defibrylator-zoll-aed-3-semi\/\" \/>\n<meta property=\"og:locale\" content=\"en_US\" \/>\n<meta property=\"og:type\" content=\"article\" \/>\n<meta property=\"og:title\" content=\"Defibrylator ZOLL AED PLUS - sklep.med4life.com.pl\" \/>\n<meta property=\"og:description\" content=\"Cechy urz\u0105dzenia:  - p\u00f3\u0142automatyczny defibrylator zewn\u0119trzny, - przeprowadza ratownika przez pe\u0142en \u201e\u0142a\u0144cuch prze\u017cycia\u201d \u2013 przy pomocy komunikat\u00f3w g\u0142osowych i s\u0142ownych na wy\u015bwietlaczu, oraz za pomoc\u0105 pod\u015bwietlanych piktogram\u00f3w na obudowie, urz\u0105dzenie informuje o wszystkich czyno\u015bciach ratowniczych koniecznych do wykonania, - wy\u015bwietlacza LCD: wy\u015bwietla czas, jaki up\u0142yn\u0105\u0142, od uruchomienia AED, liczb\u0119 wykonanych wstrz\u0105s\u00f3w, komunikaty tekstowe odpowiadaj\u0105ce komunikatom g\u0142osowym, g\u0142\u0119boko\u015b\u0107 uciskania podczas reanimacji, - urz\u0105dzenie, przy u\u017cyciu elektrod z funkcj\u0105 CPR, na bie\u017c\u0105co informuje ratownika wykonuj\u0105cego uci\u015bni\u0119cia czy wykonywane s\u0105 one w odpowiednim tempie i z odpowiedni\u0105 si\u0142\u0105 nacisku - komunikaty podawane s\u0105 zar\u00f3wno g\u0142osowo jaki i w formie informacji tekstowych na wy\u015bwietlaczu, - metronom, dodatkowo u\u0142atwia zachowanie odpowiedniego tempa ucisk\u00f3w, - defibrylator wyposa\u017cony w elektrody dla doros\u0142ych Zoll CPR-D Padz - urz\u0105dzenie nie posiada trybu pediatrycznego, w przypadku dzieci poni\u017cej 8 roku \u017cycia lub poni\u017cej 25 kg masy cia\u0142a zalecane jest zastosowanie elektrody pediatrycznej Pedi-Padz II, - j\u0119zyk komunikat\u00f3w: polski, - autotesty: mo\u017cliwo\u015b\u0107 wyboru codziennych lub cotygodniowych autotest\u00f3w, dzi\u0119ki kt\u00f3rym sprawdzany jest regularnie stan techniczny urz\u0105dzenia, a tak\u017ce pojemno\u015b\u0107 baterii i pod\u0142\u0105czenie elektrod. Dodatkowo urz\u0105dzenie przeprowadza comiesi\u0119czny test pe\u0142nej energii (200 J). Po wykryciu nieprawid\u0142owo\u015bci, po kt\u00f3rymkolwiek autote\u015bcie, wska\u017anik stanu urz\u0105dzenia znajduj\u0105cy si\u0119 na obudowie zmienienia si\u0119 na czerwony, - zasilany na uniwersalne baterie litowe LR123, - IP55: odporno\u015b\u0107 na wod\u0119, py\u0142 i uszkodzenia mechaniczne.\" \/>\n<meta property=\"og:url\" content=\"https:\/\/sklep.med4life.com.pl\/en\/product\/defibrylator-zoll-aed-3-semi\/\" \/>\n<meta property=\"og:site_name\" content=\"sklep.med4life.com.pl\" \/>\n<meta property=\"article:modified_time\" content=\"2025-04-24T16:25:28+00:00\" \/>\n<meta property=\"og:image\" content=\"https:\/\/sklep.med4life.com.pl\/wp-content\/uploads\/2025\/04\/Zoll_defibrylator_AED_Zoll_Plus_01.jpg\" \/>\n\t<meta property=\"og:image:width\" content=\"1200\" \/>\n\t<meta property=\"og:image:height\" content=\"1200\" \/>\n\t<meta property=\"og:image:type\" content=\"image\/jpeg\" \/>\n<meta name=\"twitter:card\" content=\"summary_large_image\" \/>\n<meta name=\"twitter:label1\" content=\"Est. reading time\" \/>\n\t<meta name=\"twitter:data1\" content=\"4 minutes\" \/>\n<script type=\"application\/ld+json\" class=\"yoast-schema-graph\">{\"@context\":\"https:\/\/schema.org\",\"@graph\":[{\"@type\":\"WebPage\",\"@id\":\"https:\/\/sklep.med4life.com.pl\/product\/defibrylator-zoll-aed-3-semi\/\",\"url\":\"https:\/\/sklep.med4life.com.pl\/product\/defibrylator-zoll-aed-3-semi\/\",\"name\":\"Defibrylator ZOLL AED PLUS - sklep.med4life.com.pl\",\"isPartOf\":{\"@id\":\"https:\/\/sklep.med4life.com.pl\/#website\"},\"primaryImageOfPage\":{\"@id\":\"https:\/\/sklep.med4life.com.pl\/product\/defibrylator-zoll-aed-3-semi\/#primaryimage\"},\"image\":{\"@id\":\"https:\/\/sklep.med4life.com.pl\/product\/defibrylator-zoll-aed-3-semi\/#primaryimage\"},\"thumbnailUrl\":\"https:\/\/sklep.med4life.com.pl\/wp-content\/uploads\/2025\/04\/Zoll_defibrylator_AED_Zoll_Plus_01.jpg\",\"datePublished\":\"2025-04-24T16:22:12+00:00\",\"dateModified\":\"2025-04-24T16:25:28+00:00\",\"breadcrumb\":{\"@id\":\"https:\/\/sklep.med4life.com.pl\/product\/defibrylator-zoll-aed-3-semi\/#breadcrumb\"},\"inLanguage\":\"en-US\",\"potentialAction\":[{\"@type\":\"ReadAction\",\"target\":[\"https:\/\/sklep.med4life.com.pl\/product\/defibrylator-zoll-aed-3-semi\/\"]}]},{\"@type\":\"ImageObject\",\"inLanguage\":\"en-US\",\"@id\":\"https:\/\/sklep.med4life.com.pl\/product\/defibrylator-zoll-aed-3-semi\/#primaryimage\",\"url\":\"https:\/\/sklep.med4life.com.pl\/wp-content\/uploads\/2025\/04\/Zoll_defibrylator_AED_Zoll_Plus_01.jpg\",\"contentUrl\":\"https:\/\/sklep.med4life.com.pl\/wp-content\/uploads\/2025\/04\/Zoll_defibrylator_AED_Zoll_Plus_01.jpg\",\"width\":1200,\"height\":1200},{\"@type\":\"BreadcrumbList\",\"@id\":\"https:\/\/sklep.med4life.com.pl\/product\/defibrylator-zoll-aed-3-semi\/#breadcrumb\",\"itemListElement\":[{\"@type\":\"ListItem\",\"position\":1,\"name\":\"Strona g\u0142\u00f3wna\",\"item\":\"https:\/\/sklep.med4life.com.pl\/\"},{\"@type\":\"ListItem\",\"position\":2,\"name\":\"Sklep\",\"item\":\"https:\/\/sklep.med4life.com.pl\/shop\/\"},{\"@type\":\"ListItem\",\"position\":3,\"name\":\"Defibrylator ZOLL AED PLUS\"}]},{\"@type\":\"WebSite\",\"@id\":\"https:\/\/sklep.med4life.com.pl\/#website\",\"url\":\"https:\/\/sklep.med4life.com.pl\/\",\"name\":\"sklep.med4life.com.pl\",\"description\":\"\",\"potentialAction\":[{\"@type\":\"SearchAction\",\"target\":{\"@type\":\"EntryPoint\",\"urlTemplate\":\"https:\/\/sklep.med4life.com.pl\/?s={search_term_string}\"},\"query-input\":{\"@type\":\"PropertyValueSpecification\",\"valueRequired\":true,\"valueName\":\"search_term_string\"}}],\"inLanguage\":\"en-US\"}]}<\/script>\n<!-- \/ Yoast SEO plugin. -->","yoast_head_json":{"title":"Defibrylator ZOLL AED PLUS - sklep.med4life.com.pl","robots":{"index":"index","follow":"follow","max-snippet":"max-snippet:-1","max-image-preview":"max-image-preview:large","max-video-preview":"max-video-preview:-1"},"canonical":"https:\/\/sklep.med4life.com.pl\/en\/product\/defibrylator-zoll-aed-3-semi\/","og_locale":"en_US","og_type":"article","og_title":"Defibrylator ZOLL AED PLUS - sklep.med4life.com.pl","og_description":"Cechy urz\u0105dzenia:  - p\u00f3\u0142automatyczny defibrylator zewn\u0119trzny, - przeprowadza ratownika przez pe\u0142en \u201e\u0142a\u0144cuch prze\u017cycia\u201d \u2013 przy pomocy komunikat\u00f3w g\u0142osowych i s\u0142ownych na wy\u015bwietlaczu, oraz za pomoc\u0105 pod\u015bwietlanych piktogram\u00f3w na obudowie, urz\u0105dzenie informuje o wszystkich czyno\u015bciach ratowniczych koniecznych do wykonania, - wy\u015bwietlacza LCD: wy\u015bwietla czas, jaki up\u0142yn\u0105\u0142, od uruchomienia AED, liczb\u0119 wykonanych wstrz\u0105s\u00f3w, komunikaty tekstowe odpowiadaj\u0105ce komunikatom g\u0142osowym, g\u0142\u0119boko\u015b\u0107 uciskania podczas reanimacji, - urz\u0105dzenie, przy u\u017cyciu elektrod z funkcj\u0105 CPR, na bie\u017c\u0105co informuje ratownika wykonuj\u0105cego uci\u015bni\u0119cia czy wykonywane s\u0105 one w odpowiednim tempie i z odpowiedni\u0105 si\u0142\u0105 nacisku - komunikaty podawane s\u0105 zar\u00f3wno g\u0142osowo jaki i w formie informacji tekstowych na wy\u015bwietlaczu, - metronom, dodatkowo u\u0142atwia zachowanie odpowiedniego tempa ucisk\u00f3w, - defibrylator wyposa\u017cony w elektrody dla doros\u0142ych Zoll CPR-D Padz - urz\u0105dzenie nie posiada trybu pediatrycznego, w przypadku dzieci poni\u017cej 8 roku \u017cycia lub poni\u017cej 25 kg masy cia\u0142a zalecane jest zastosowanie elektrody pediatrycznej Pedi-Padz II, - j\u0119zyk komunikat\u00f3w: polski, - autotesty: mo\u017cliwo\u015b\u0107 wyboru codziennych lub cotygodniowych autotest\u00f3w, dzi\u0119ki kt\u00f3rym sprawdzany jest regularnie stan techniczny urz\u0105dzenia, a tak\u017ce pojemno\u015b\u0107 baterii i pod\u0142\u0105czenie elektrod. Dodatkowo urz\u0105dzenie przeprowadza comiesi\u0119czny test pe\u0142nej energii (200 J). Po wykryciu nieprawid\u0142owo\u015bci, po kt\u00f3rymkolwiek autote\u015bcie, wska\u017anik stanu urz\u0105dzenia znajduj\u0105cy si\u0119 na obudowie zmienienia si\u0119 na czerwony, - zasilany na uniwersalne baterie litowe LR123, - IP55: odporno\u015b\u0107 na wod\u0119, py\u0142 i uszkodzenia mechaniczne.","og_url":"https:\/\/sklep.med4life.com.pl\/en\/product\/defibrylator-zoll-aed-3-semi\/","og_site_name":"sklep.med4life.com.pl","article_modified_time":"2025-04-24T16:25:28+00:00","og_image":[{"width":1200,"height":1200,"url":"https:\/\/sklep.med4life.com.pl\/wp-content\/uploads\/2025\/04\/Zoll_defibrylator_AED_Zoll_Plus_01.jpg","type":"image\/jpeg"}],"twitter_card":"summary_large_image","twitter_misc":{"Est. reading time":"4 minutes"},"schema":{"@context":"https:\/\/schema.org","@graph":[{"@type":"WebPage","@id":"https:\/\/sklep.med4life.com.pl\/product\/defibrylator-zoll-aed-3-semi\/","url":"https:\/\/sklep.med4life.com.pl\/product\/defibrylator-zoll-aed-3-semi\/","name":"Defibrylator ZOLL AED PLUS - sklep.med4life.com.pl","isPartOf":{"@id":"https:\/\/sklep.med4life.com.pl\/#website"},"primaryImageOfPage":{"@id":"https:\/\/sklep.med4life.com.pl\/product\/defibrylator-zoll-aed-3-semi\/#primaryimage"},"image":{"@id":"https:\/\/sklep.med4life.com.pl\/product\/defibrylator-zoll-aed-3-semi\/#primaryimage"},"thumbnailUrl":"https:\/\/sklep.med4life.com.pl\/wp-content\/uploads\/2025\/04\/Zoll_defibrylator_AED_Zoll_Plus_01.jpg","datePublished":"2025-04-24T16:22:12+00:00","dateModified":"2025-04-24T16:25:28+00:00","breadcrumb":{"@id":"https:\/\/sklep.med4life.com.pl\/product\/defibrylator-zoll-aed-3-semi\/#breadcrumb"},"inLanguage":"en-US","potentialAction":[{"@type":"ReadAction","target":["https:\/\/sklep.med4life.com.pl\/product\/defibrylator-zoll-aed-3-semi\/"]}]},{"@type":"ImageObject","inLanguage":"en-US","@id":"https:\/\/sklep.med4life.com.pl\/product\/defibrylator-zoll-aed-3-semi\/#primaryimage","url":"https:\/\/sklep.med4life.com.pl\/wp-content\/uploads\/2025\/04\/Zoll_defibrylator_AED_Zoll_Plus_01.jpg","contentUrl":"https:\/\/sklep.med4life.com.pl\/wp-content\/uploads\/2025\/04\/Zoll_defibrylator_AED_Zoll_Plus_01.jpg","width":1200,"height":1200},{"@type":"BreadcrumbList","@id":"https:\/\/sklep.med4life.com.pl\/product\/defibrylator-zoll-aed-3-semi\/#breadcrumb","itemListElement":[{"@type":"ListItem","position":1,"name":"Strona g\u0142\u00f3wna","item":"https:\/\/sklep.med4life.com.pl\/"},{"@type":"ListItem","position":2,"name":"Sklep","item":"https:\/\/sklep.med4life.com.pl\/shop\/"},{"@type":"ListItem","position":3,"name":"Defibrylator ZOLL AED PLUS"}]},{"@type":"WebSite","@id":"https:\/\/sklep.med4life.com.pl\/#website","url":"https:\/\/sklep.med4life.com.pl\/","name":"sklep.med4life.com.pl","description":"","potentialAction":[{"@type":"SearchAction","target":{"@type":"EntryPoint","urlTemplate":"https:\/\/sklep.med4life.com.pl\/?s={search_term_string}"},"query-input":{"@type":"PropertyValueSpecification","valueRequired":true,"valueName":"search_term_string"}}],"inLanguage":"en-US"}]}},"_links":{"self":[{"href":"https:\/\/sklep.med4life.com.pl\/en\/wp-json\/wp\/v2\/product\/6719","targetHints":{"allow":["GET"]}}],"collection":[{"href":"https:\/\/sklep.med4life.com.pl\/en\/wp-json\/wp\/v2\/product"}],"about":[{"href":"https:\/\/sklep.med4life.com.pl\/en\/wp-json\/wp\/v2\/types\/product"}],"replies":[{"embeddable":true,"href":"https:\/\/sklep.med4life.com.pl\/en\/wp-json\/wp\/v2\/comments?post=6719"}],"wp:featuredmedia":[{"embeddable":true,"href":"https:\/\/sklep.med4life.com.pl\/en\/wp-json\/wp\/v2\/media\/6720"}],"wp:attachment":[{"href":"https:\/\/sklep.med4life.com.pl\/en\/wp-json\/wp\/v2\/media?parent=6719"}],"wp:term":[{"taxonomy":"product_cat","embeddable":true,"href":"https:\/\/sklep.med4life.com.pl\/en\/wp-json\/wp\/v2\/product_cat?post=6719"},{"taxonomy":"product_tag","embeddable":true,"href":"https:\/\/sklep.med4life.com.pl\/en\/wp-json\/wp\/v2\/product_tag?post=6719"}],"curies":[{"name":"wp","href":"https:\/\/api.w.org\/{rel}","templated":true}]}}