{"id":6723,"date":"2025-04-24T18:23:49","date_gmt":"2025-04-24T16:23:49","guid":{"rendered":"https:\/\/sklep.med4life.com.pl\/?post_type=product&#038;p=6723"},"modified":"2025-04-24T18:23:50","modified_gmt":"2025-04-24T16:23:50","slug":"elektrody-zoll-cpr-uni-padz-iii-universal-dorosly-dziecko","status":"publish","type":"product","link":"https:\/\/sklep.med4life.com.pl\/en\/product\/elektrody-zoll-cpr-uni-padz-iii-universal-dorosly-dziecko\/","title":{"rendered":"Elektrody Zoll CPR Uni-padz III\u2122 Universal (doros\u0142y\/dziecko)"},"content":{"rendered":"<p>Elektrody uniwersalne Zoll CPR-Uni Padz III<\/p>\n<p>kod: 8900-000280<\/p>\n<p>Elektrody uniwersalne Zoll CPR-Uni Padz III do defibrylatora ZOLL AED 3.<\/p>\n<p>Przeznaczona zar\u00f3wno do defibrylacji doros\u0142ych jak i dla dzieci poni\u017cej 8-go roku \u017cycia lub poni\u017cej 25kg masy cia\u0142a.<\/p>\n<p>CECHY:<\/p>\n<p>&#8211; Na elektrodzie znajduje si\u0119 kompletna instrukcja naklejenia.<br \/>\n&#8211; Mo\u017cliwo\u015b\u0107 sta\u0142ego pod\u0142\u0105czenia elektrody do defibrylatora, dzi\u0119ki czemu znacznie skraca si\u0119 czas przygotowania urz\u0105dzenia do analizy.<br \/>\n&#8211; Okres wa\u017cno\u015bci: 5 lat.<\/p>","protected":false},"excerpt":{"rendered":"<p>Elektrody uniwersalne Zoll CPR-Uni Padz III do defibrylatora ZOLL AED 3.<\/p>\n<p>Przeznaczona zar\u00f3wno do defibrylacji doros\u0142ych jak i dla dzieci poni\u017cej 8-go roku \u017cycia lub poni\u017cej 25kg masy cia\u0142a.<\/p>\n<p>CECHY:<\/p>\n<p>&#8211; Na elektrodzie znajduje si\u0119 kompletna instrukcja naklejenia.<br \/>\n&#8211; Mo\u017cliwo\u015b\u0107 sta\u0142ego pod\u0142\u0105czenia elektrody do defibrylatora, dzi\u0119ki czemu znacznie skraca si\u0119 czas przygotowania urz\u0105dzenia do analizy.<br \/>\n&#8211; Okres wa\u017cno\u015bci: 5 lat.<\/p>","protected":false},"featured_media":6724,"comment_status":"open","ping_status":"closed","template":"","meta":{"content-type":"","om_disable_all_campaigns":false,"_monsterinsights_skip_tracking":false,"_monsterinsights_sitenote_active":false,"_monsterinsights_sitenote_note":"","_monsterinsights_sitenote_category":0},"product_cat":[98],"product_tag":[],"class_list":{"0":"post-6723","1":"product","2":"type-product","3":"status-publish","4":"has-post-thumbnail","6":"product_cat-akcesoria-do-defibrylatorow","8":"first","9":"instock","10":"shipping-taxable","11":"product-type-simple"},"yoast_head":"<!-- This site is optimized with the Yoast SEO plugin v23.8 - https:\/\/yoast.com\/wordpress\/plugins\/seo\/ -->\n<title>Elektrody Zoll CPR Uni-padz III\u2122 Universal (doros\u0142y\/dziecko) - sklep.med4life.com.pl<\/title>\n<meta name=\"robots\" content=\"index, follow, max-snippet:-1, max-image-preview:large, max-video-preview:-1\" \/>\n<link rel=\"canonical\" href=\"https:\/\/sklep.med4life.com.pl\/en\/product\/elektrody-zoll-cpr-uni-padz-iii-universal-dorosly-dziecko\/\" \/>\n<meta property=\"og:locale\" content=\"en_US\" \/>\n<meta property=\"og:type\" content=\"article\" \/>\n<meta property=\"og:title\" content=\"Elektrody Zoll CPR Uni-padz III\u2122 Universal (doros\u0142y\/dziecko) - sklep.med4life.com.pl\" \/>\n<meta property=\"og:description\" content=\"Elektrody uniwersalne Zoll CPR-Uni Padz III do defibrylatora ZOLL AED 3.  Przeznaczona zar\u00f3wno do defibrylacji doros\u0142ych jak i dla dzieci poni\u017cej 8-go roku \u017cycia lub poni\u017cej 25kg masy cia\u0142a.  CECHY:  - Na elektrodzie znajduje si\u0119 kompletna instrukcja naklejenia. - Mo\u017cliwo\u015b\u0107 sta\u0142ego pod\u0142\u0105czenia elektrody do defibrylatora, dzi\u0119ki czemu znacznie skraca si\u0119 czas przygotowania urz\u0105dzenia do analizy. - Okres wa\u017cno\u015bci: 5 lat.\" \/>\n<meta property=\"og:url\" content=\"https:\/\/sklep.med4life.com.pl\/en\/product\/elektrody-zoll-cpr-uni-padz-iii-universal-dorosly-dziecko\/\" \/>\n<meta property=\"og:site_name\" content=\"sklep.med4life.com.pl\" \/>\n<meta property=\"article:modified_time\" content=\"2025-04-24T16:23:50+00:00\" \/>\n<meta property=\"og:image\" content=\"https:\/\/sklep.med4life.com.pl\/wp-content\/uploads\/2025\/04\/ZOLL_elektrody_uniwersalne_CPR-Uni-Padz_8900-000280_01.jpg\" \/>\n\t<meta property=\"og:image:width\" content=\"1200\" \/>\n\t<meta property=\"og:image:height\" content=\"1200\" \/>\n\t<meta property=\"og:image:type\" content=\"image\/jpeg\" \/>\n<meta name=\"twitter:card\" content=\"summary_large_image\" \/>\n<meta name=\"twitter:label1\" content=\"Est. reading time\" \/>\n\t<meta name=\"twitter:data1\" content=\"1 minute\" \/>\n<script type=\"application\/ld+json\" class=\"yoast-schema-graph\">{\"@context\":\"https:\/\/schema.org\",\"@graph\":[{\"@type\":\"WebPage\",\"@id\":\"https:\/\/sklep.med4life.com.pl\/product\/elektrody-zoll-cpr-uni-padz-iii-universal-dorosly-dziecko\/\",\"url\":\"https:\/\/sklep.med4life.com.pl\/product\/elektrody-zoll-cpr-uni-padz-iii-universal-dorosly-dziecko\/\",\"name\":\"Elektrody Zoll CPR Uni-padz III\u2122 Universal (doros\u0142y\/dziecko) - sklep.med4life.com.pl\",\"isPartOf\":{\"@id\":\"https:\/\/sklep.med4life.com.pl\/#website\"},\"primaryImageOfPage\":{\"@id\":\"https:\/\/sklep.med4life.com.pl\/product\/elektrody-zoll-cpr-uni-padz-iii-universal-dorosly-dziecko\/#primaryimage\"},\"image\":{\"@id\":\"https:\/\/sklep.med4life.com.pl\/product\/elektrody-zoll-cpr-uni-padz-iii-universal-dorosly-dziecko\/#primaryimage\"},\"thumbnailUrl\":\"https:\/\/sklep.med4life.com.pl\/wp-content\/uploads\/2025\/04\/ZOLL_elektrody_uniwersalne_CPR-Uni-Padz_8900-000280_01.jpg\",\"datePublished\":\"2025-04-24T16:23:49+00:00\",\"dateModified\":\"2025-04-24T16:23:50+00:00\",\"breadcrumb\":{\"@id\":\"https:\/\/sklep.med4life.com.pl\/product\/elektrody-zoll-cpr-uni-padz-iii-universal-dorosly-dziecko\/#breadcrumb\"},\"inLanguage\":\"en-US\",\"potentialAction\":[{\"@type\":\"ReadAction\",\"target\":[\"https:\/\/sklep.med4life.com.pl\/product\/elektrody-zoll-cpr-uni-padz-iii-universal-dorosly-dziecko\/\"]}]},{\"@type\":\"ImageObject\",\"inLanguage\":\"en-US\",\"@id\":\"https:\/\/sklep.med4life.com.pl\/product\/elektrody-zoll-cpr-uni-padz-iii-universal-dorosly-dziecko\/#primaryimage\",\"url\":\"https:\/\/sklep.med4life.com.pl\/wp-content\/uploads\/2025\/04\/ZOLL_elektrody_uniwersalne_CPR-Uni-Padz_8900-000280_01.jpg\",\"contentUrl\":\"https:\/\/sklep.med4life.com.pl\/wp-content\/uploads\/2025\/04\/ZOLL_elektrody_uniwersalne_CPR-Uni-Padz_8900-000280_01.jpg\",\"width\":1200,\"height\":1200},{\"@type\":\"BreadcrumbList\",\"@id\":\"https:\/\/sklep.med4life.com.pl\/product\/elektrody-zoll-cpr-uni-padz-iii-universal-dorosly-dziecko\/#breadcrumb\",\"itemListElement\":[{\"@type\":\"ListItem\",\"position\":1,\"name\":\"Strona g\u0142\u00f3wna\",\"item\":\"https:\/\/sklep.med4life.com.pl\/\"},{\"@type\":\"ListItem\",\"position\":2,\"name\":\"Sklep\",\"item\":\"https:\/\/sklep.med4life.com.pl\/shop\/\"},{\"@type\":\"ListItem\",\"position\":3,\"name\":\"Elektrody Zoll CPR Uni-padz III\u2122 Universal (doros\u0142y\/dziecko)\"}]},{\"@type\":\"WebSite\",\"@id\":\"https:\/\/sklep.med4life.com.pl\/#website\",\"url\":\"https:\/\/sklep.med4life.com.pl\/\",\"name\":\"sklep.med4life.com.pl\",\"description\":\"\",\"potentialAction\":[{\"@type\":\"SearchAction\",\"target\":{\"@type\":\"EntryPoint\",\"urlTemplate\":\"https:\/\/sklep.med4life.com.pl\/?s={search_term_string}\"},\"query-input\":{\"@type\":\"PropertyValueSpecification\",\"valueRequired\":true,\"valueName\":\"search_term_string\"}}],\"inLanguage\":\"en-US\"}]}<\/script>\n<!-- \/ Yoast SEO plugin. -->","yoast_head_json":{"title":"Elektrody Zoll CPR Uni-padz III\u2122 Universal (doros\u0142y\/dziecko) - sklep.med4life.com.pl","robots":{"index":"index","follow":"follow","max-snippet":"max-snippet:-1","max-image-preview":"max-image-preview:large","max-video-preview":"max-video-preview:-1"},"canonical":"https:\/\/sklep.med4life.com.pl\/en\/product\/elektrody-zoll-cpr-uni-padz-iii-universal-dorosly-dziecko\/","og_locale":"en_US","og_type":"article","og_title":"Elektrody Zoll CPR Uni-padz III\u2122 Universal (doros\u0142y\/dziecko) - sklep.med4life.com.pl","og_description":"Elektrody uniwersalne Zoll CPR-Uni Padz III do defibrylatora ZOLL AED 3.  Przeznaczona zar\u00f3wno do defibrylacji doros\u0142ych jak i dla dzieci poni\u017cej 8-go roku \u017cycia lub poni\u017cej 25kg masy cia\u0142a.  CECHY:  - Na elektrodzie znajduje si\u0119 kompletna instrukcja naklejenia. - Mo\u017cliwo\u015b\u0107 sta\u0142ego pod\u0142\u0105czenia elektrody do defibrylatora, dzi\u0119ki czemu znacznie skraca si\u0119 czas przygotowania urz\u0105dzenia do analizy. - Okres wa\u017cno\u015bci: 5 lat.","og_url":"https:\/\/sklep.med4life.com.pl\/en\/product\/elektrody-zoll-cpr-uni-padz-iii-universal-dorosly-dziecko\/","og_site_name":"sklep.med4life.com.pl","article_modified_time":"2025-04-24T16:23:50+00:00","og_image":[{"width":1200,"height":1200,"url":"https:\/\/sklep.med4life.com.pl\/wp-content\/uploads\/2025\/04\/ZOLL_elektrody_uniwersalne_CPR-Uni-Padz_8900-000280_01.jpg","type":"image\/jpeg"}],"twitter_card":"summary_large_image","twitter_misc":{"Est. reading time":"1 minute"},"schema":{"@context":"https:\/\/schema.org","@graph":[{"@type":"WebPage","@id":"https:\/\/sklep.med4life.com.pl\/product\/elektrody-zoll-cpr-uni-padz-iii-universal-dorosly-dziecko\/","url":"https:\/\/sklep.med4life.com.pl\/product\/elektrody-zoll-cpr-uni-padz-iii-universal-dorosly-dziecko\/","name":"Elektrody Zoll CPR Uni-padz III\u2122 Universal (doros\u0142y\/dziecko) - sklep.med4life.com.pl","isPartOf":{"@id":"https:\/\/sklep.med4life.com.pl\/#website"},"primaryImageOfPage":{"@id":"https:\/\/sklep.med4life.com.pl\/product\/elektrody-zoll-cpr-uni-padz-iii-universal-dorosly-dziecko\/#primaryimage"},"image":{"@id":"https:\/\/sklep.med4life.com.pl\/product\/elektrody-zoll-cpr-uni-padz-iii-universal-dorosly-dziecko\/#primaryimage"},"thumbnailUrl":"https:\/\/sklep.med4life.com.pl\/wp-content\/uploads\/2025\/04\/ZOLL_elektrody_uniwersalne_CPR-Uni-Padz_8900-000280_01.jpg","datePublished":"2025-04-24T16:23:49+00:00","dateModified":"2025-04-24T16:23:50+00:00","breadcrumb":{"@id":"https:\/\/sklep.med4life.com.pl\/product\/elektrody-zoll-cpr-uni-padz-iii-universal-dorosly-dziecko\/#breadcrumb"},"inLanguage":"en-US","potentialAction":[{"@type":"ReadAction","target":["https:\/\/sklep.med4life.com.pl\/product\/elektrody-zoll-cpr-uni-padz-iii-universal-dorosly-dziecko\/"]}]},{"@type":"ImageObject","inLanguage":"en-US","@id":"https:\/\/sklep.med4life.com.pl\/product\/elektrody-zoll-cpr-uni-padz-iii-universal-dorosly-dziecko\/#primaryimage","url":"https:\/\/sklep.med4life.com.pl\/wp-content\/uploads\/2025\/04\/ZOLL_elektrody_uniwersalne_CPR-Uni-Padz_8900-000280_01.jpg","contentUrl":"https:\/\/sklep.med4life.com.pl\/wp-content\/uploads\/2025\/04\/ZOLL_elektrody_uniwersalne_CPR-Uni-Padz_8900-000280_01.jpg","width":1200,"height":1200},{"@type":"BreadcrumbList","@id":"https:\/\/sklep.med4life.com.pl\/product\/elektrody-zoll-cpr-uni-padz-iii-universal-dorosly-dziecko\/#breadcrumb","itemListElement":[{"@type":"ListItem","position":1,"name":"Strona g\u0142\u00f3wna","item":"https:\/\/sklep.med4life.com.pl\/"},{"@type":"ListItem","position":2,"name":"Sklep","item":"https:\/\/sklep.med4life.com.pl\/shop\/"},{"@type":"ListItem","position":3,"name":"Elektrody Zoll CPR Uni-padz III\u2122 Universal (doros\u0142y\/dziecko)"}]},{"@type":"WebSite","@id":"https:\/\/sklep.med4life.com.pl\/#website","url":"https:\/\/sklep.med4life.com.pl\/","name":"sklep.med4life.com.pl","description":"","potentialAction":[{"@type":"SearchAction","target":{"@type":"EntryPoint","urlTemplate":"https:\/\/sklep.med4life.com.pl\/?s={search_term_string}"},"query-input":{"@type":"PropertyValueSpecification","valueRequired":true,"valueName":"search_term_string"}}],"inLanguage":"en-US"}]}},"_links":{"self":[{"href":"https:\/\/sklep.med4life.com.pl\/en\/wp-json\/wp\/v2\/product\/6723","targetHints":{"allow":["GET"]}}],"collection":[{"href":"https:\/\/sklep.med4life.com.pl\/en\/wp-json\/wp\/v2\/product"}],"about":[{"href":"https:\/\/sklep.med4life.com.pl\/en\/wp-json\/wp\/v2\/types\/product"}],"replies":[{"embeddable":true,"href":"https:\/\/sklep.med4life.com.pl\/en\/wp-json\/wp\/v2\/comments?post=6723"}],"wp:featuredmedia":[{"embeddable":true,"href":"https:\/\/sklep.med4life.com.pl\/en\/wp-json\/wp\/v2\/media\/6724"}],"wp:attachment":[{"href":"https:\/\/sklep.med4life.com.pl\/en\/wp-json\/wp\/v2\/media?parent=6723"}],"wp:term":[{"taxonomy":"product_cat","embeddable":true,"href":"https:\/\/sklep.med4life.com.pl\/en\/wp-json\/wp\/v2\/product_cat?post=6723"},{"taxonomy":"product_tag","embeddable":true,"href":"https:\/\/sklep.med4life.com.pl\/en\/wp-json\/wp\/v2\/product_tag?post=6723"}],"curies":[{"name":"wp","href":"https:\/\/api.w.org\/{rel}","templated":true}]}}