{"id":6726,"date":"2025-04-24T18:28:16","date_gmt":"2025-04-24T16:28:16","guid":{"rendered":"https:\/\/sklep.med4life.com.pl\/?post_type=product&#038;p=6726"},"modified":"2025-04-24T18:28:16","modified_gmt":"2025-04-24T16:28:16","slug":"elektrody-dla-doroslych-zoll-cpr-d-padz-aed-plus","status":"publish","type":"product","link":"https:\/\/sklep.med4life.com.pl\/en\/product\/elektrody-dla-doroslych-zoll-cpr-d-padz-aed-plus\/","title":{"rendered":"Elektrody dla doros\u0142ych Zoll CPR-D padz (AED PLUS)"},"content":{"rendered":"<p>Elektrody dla doros\u0142ych Zoll CPR-D Padz<\/p>\n<p>kod: 8900-0800-01<\/p>\n<p>Elektroda dla doros\u0142ych Zoll CPR-D Padz do defibrylatora AED PLUS.<\/p>\n<p>Na elektrodzie znajduje si\u0119 niebieski krzy\u017c wskazuj\u0105cy prawid\u0142owe miejsce naklejenia elektrody na klatce piersiowej oraz w\u0142a\u015bciwe miejsce jej ucisku. Kompletna instrukcja naklejenia znajduje si\u0119 na elektrodzie.<\/p>\n<p>Cechy:<\/p>\n<p>&#8211; Na elektrodzie znajduje si\u0119 kompletna instrukcja naklejenia.<br \/>\n&#8211; Unikalna funkcja Real CPR Help- przekazuje informacje ratownikowi na temat g\u0142\u0119boko\u015bci i cz\u0119sto\u015bci uciskania. Dzi\u0119ki temu ratownik b\u0119dzie wiedzia\u0142 kiedy jego uciski staj\u0105 si\u0119 nieefektywne np. ze wzgl\u0119du na zm\u0119czenie i w odpowiednim momencie zmieni si\u0119 z drug\u0105 osob\u0105 w ich wykonywaniu.<br \/>\n&#8211; Mo\u017cliwo\u015b\u0107 sta\u0142ego pod\u0142\u0105czenia elektrody do defibrylatora, dzi\u0119ki czemu znacznie skraca si\u0119 czas przygotowania urz\u0105dzenia do analizy.<br \/>\n&#8211; D\u0142ugo\u015b\u0107 przewod\u00f3w elektrod: 86,4 cm.<br \/>\n&#8211; Okres wa\u017cno\u015bci: 5 lat.<\/p>","protected":false},"excerpt":{"rendered":"<p>Elektroda dla doros\u0142ych Zoll CPR-D Padz do defibrylatora AED PLUS.<\/p>\n<p>Na elektrodzie znajduje si\u0119 niebieski krzy\u017c wskazuj\u0105cy prawid\u0142owe miejsce naklejenia elektrody na klatce piersiowej oraz w\u0142a\u015bciwe miejsce jej ucisku. Kompletna instrukcja naklejenia znajduje si\u0119 na elektrodzie.<\/p>","protected":false},"featured_media":6727,"comment_status":"open","ping_status":"closed","template":"","meta":{"content-type":"","om_disable_all_campaigns":false,"_monsterinsights_skip_tracking":false,"_monsterinsights_sitenote_active":false,"_monsterinsights_sitenote_note":"","_monsterinsights_sitenote_category":0},"product_cat":[98],"product_tag":[],"class_list":{"0":"post-6726","1":"product","2":"type-product","3":"status-publish","4":"has-post-thumbnail","6":"product_cat-akcesoria-do-defibrylatorow","8":"first","9":"instock","10":"shipping-taxable","11":"product-type-simple"},"yoast_head":"<!-- This site is optimized with the Yoast SEO plugin v23.8 - https:\/\/yoast.com\/wordpress\/plugins\/seo\/ -->\n<title>Elektrody dla doros\u0142ych Zoll CPR-D padz (AED PLUS) - sklep.med4life.com.pl<\/title>\n<meta name=\"robots\" content=\"index, follow, max-snippet:-1, max-image-preview:large, max-video-preview:-1\" \/>\n<link rel=\"canonical\" href=\"https:\/\/sklep.med4life.com.pl\/en\/product\/elektrody-dla-doroslych-zoll-cpr-d-padz-aed-plus\/\" \/>\n<meta property=\"og:locale\" content=\"en_US\" \/>\n<meta property=\"og:type\" content=\"article\" \/>\n<meta property=\"og:title\" content=\"Elektrody dla doros\u0142ych Zoll CPR-D padz (AED PLUS) - sklep.med4life.com.pl\" \/>\n<meta property=\"og:description\" content=\"Elektroda dla doros\u0142ych Zoll CPR-D Padz do defibrylatora AED PLUS.  Na elektrodzie znajduje si\u0119 niebieski krzy\u017c wskazuj\u0105cy prawid\u0142owe miejsce naklejenia elektrody na klatce piersiowej oraz w\u0142a\u015bciwe miejsce jej ucisku. Kompletna instrukcja naklejenia znajduje si\u0119 na elektrodzie.\" \/>\n<meta property=\"og:url\" content=\"https:\/\/sklep.med4life.com.pl\/en\/product\/elektrody-dla-doroslych-zoll-cpr-d-padz-aed-plus\/\" \/>\n<meta property=\"og:site_name\" content=\"sklep.med4life.com.pl\" \/>\n<meta property=\"og:image\" content=\"https:\/\/sklep.med4life.com.pl\/wp-content\/uploads\/2025\/04\/ZOLL_elektrody_CPR-D-Padz_8900-8000-01_01.jpg\" \/>\n\t<meta property=\"og:image:width\" content=\"1200\" \/>\n\t<meta property=\"og:image:height\" content=\"1200\" \/>\n\t<meta property=\"og:image:type\" content=\"image\/jpeg\" \/>\n<meta name=\"twitter:card\" content=\"summary_large_image\" \/>\n<meta name=\"twitter:label1\" content=\"Est. reading time\" \/>\n\t<meta name=\"twitter:data1\" content=\"1 minute\" \/>\n<script type=\"application\/ld+json\" class=\"yoast-schema-graph\">{\"@context\":\"https:\/\/schema.org\",\"@graph\":[{\"@type\":\"WebPage\",\"@id\":\"https:\/\/sklep.med4life.com.pl\/product\/elektrody-dla-doroslych-zoll-cpr-d-padz-aed-plus\/\",\"url\":\"https:\/\/sklep.med4life.com.pl\/product\/elektrody-dla-doroslych-zoll-cpr-d-padz-aed-plus\/\",\"name\":\"Elektrody dla doros\u0142ych Zoll CPR-D padz (AED PLUS) - sklep.med4life.com.pl\",\"isPartOf\":{\"@id\":\"https:\/\/sklep.med4life.com.pl\/#website\"},\"primaryImageOfPage\":{\"@id\":\"https:\/\/sklep.med4life.com.pl\/product\/elektrody-dla-doroslych-zoll-cpr-d-padz-aed-plus\/#primaryimage\"},\"image\":{\"@id\":\"https:\/\/sklep.med4life.com.pl\/product\/elektrody-dla-doroslych-zoll-cpr-d-padz-aed-plus\/#primaryimage\"},\"thumbnailUrl\":\"https:\/\/sklep.med4life.com.pl\/wp-content\/uploads\/2025\/04\/ZOLL_elektrody_CPR-D-Padz_8900-8000-01_01.jpg\",\"datePublished\":\"2025-04-24T16:28:16+00:00\",\"dateModified\":\"2025-04-24T16:28:16+00:00\",\"breadcrumb\":{\"@id\":\"https:\/\/sklep.med4life.com.pl\/product\/elektrody-dla-doroslych-zoll-cpr-d-padz-aed-plus\/#breadcrumb\"},\"inLanguage\":\"en-US\",\"potentialAction\":[{\"@type\":\"ReadAction\",\"target\":[\"https:\/\/sklep.med4life.com.pl\/product\/elektrody-dla-doroslych-zoll-cpr-d-padz-aed-plus\/\"]}]},{\"@type\":\"ImageObject\",\"inLanguage\":\"en-US\",\"@id\":\"https:\/\/sklep.med4life.com.pl\/product\/elektrody-dla-doroslych-zoll-cpr-d-padz-aed-plus\/#primaryimage\",\"url\":\"https:\/\/sklep.med4life.com.pl\/wp-content\/uploads\/2025\/04\/ZOLL_elektrody_CPR-D-Padz_8900-8000-01_01.jpg\",\"contentUrl\":\"https:\/\/sklep.med4life.com.pl\/wp-content\/uploads\/2025\/04\/ZOLL_elektrody_CPR-D-Padz_8900-8000-01_01.jpg\",\"width\":1200,\"height\":1200},{\"@type\":\"BreadcrumbList\",\"@id\":\"https:\/\/sklep.med4life.com.pl\/product\/elektrody-dla-doroslych-zoll-cpr-d-padz-aed-plus\/#breadcrumb\",\"itemListElement\":[{\"@type\":\"ListItem\",\"position\":1,\"name\":\"Strona g\u0142\u00f3wna\",\"item\":\"https:\/\/sklep.med4life.com.pl\/\"},{\"@type\":\"ListItem\",\"position\":2,\"name\":\"Sklep\",\"item\":\"https:\/\/sklep.med4life.com.pl\/shop\/\"},{\"@type\":\"ListItem\",\"position\":3,\"name\":\"Elektrody dla doros\u0142ych Zoll CPR-D padz (AED PLUS)\"}]},{\"@type\":\"WebSite\",\"@id\":\"https:\/\/sklep.med4life.com.pl\/#website\",\"url\":\"https:\/\/sklep.med4life.com.pl\/\",\"name\":\"sklep.med4life.com.pl\",\"description\":\"\",\"potentialAction\":[{\"@type\":\"SearchAction\",\"target\":{\"@type\":\"EntryPoint\",\"urlTemplate\":\"https:\/\/sklep.med4life.com.pl\/?s={search_term_string}\"},\"query-input\":{\"@type\":\"PropertyValueSpecification\",\"valueRequired\":true,\"valueName\":\"search_term_string\"}}],\"inLanguage\":\"en-US\"}]}<\/script>\n<!-- \/ Yoast SEO plugin. -->","yoast_head_json":{"title":"Elektrody dla doros\u0142ych Zoll CPR-D padz (AED PLUS) - sklep.med4life.com.pl","robots":{"index":"index","follow":"follow","max-snippet":"max-snippet:-1","max-image-preview":"max-image-preview:large","max-video-preview":"max-video-preview:-1"},"canonical":"https:\/\/sklep.med4life.com.pl\/en\/product\/elektrody-dla-doroslych-zoll-cpr-d-padz-aed-plus\/","og_locale":"en_US","og_type":"article","og_title":"Elektrody dla doros\u0142ych Zoll CPR-D padz (AED PLUS) - sklep.med4life.com.pl","og_description":"Elektroda dla doros\u0142ych Zoll CPR-D Padz do defibrylatora AED PLUS.  Na elektrodzie znajduje si\u0119 niebieski krzy\u017c wskazuj\u0105cy prawid\u0142owe miejsce naklejenia elektrody na klatce piersiowej oraz w\u0142a\u015bciwe miejsce jej ucisku. Kompletna instrukcja naklejenia znajduje si\u0119 na elektrodzie.","og_url":"https:\/\/sklep.med4life.com.pl\/en\/product\/elektrody-dla-doroslych-zoll-cpr-d-padz-aed-plus\/","og_site_name":"sklep.med4life.com.pl","og_image":[{"width":1200,"height":1200,"url":"https:\/\/sklep.med4life.com.pl\/wp-content\/uploads\/2025\/04\/ZOLL_elektrody_CPR-D-Padz_8900-8000-01_01.jpg","type":"image\/jpeg"}],"twitter_card":"summary_large_image","twitter_misc":{"Est. reading time":"1 minute"},"schema":{"@context":"https:\/\/schema.org","@graph":[{"@type":"WebPage","@id":"https:\/\/sklep.med4life.com.pl\/product\/elektrody-dla-doroslych-zoll-cpr-d-padz-aed-plus\/","url":"https:\/\/sklep.med4life.com.pl\/product\/elektrody-dla-doroslych-zoll-cpr-d-padz-aed-plus\/","name":"Elektrody dla doros\u0142ych Zoll CPR-D padz (AED PLUS) - sklep.med4life.com.pl","isPartOf":{"@id":"https:\/\/sklep.med4life.com.pl\/#website"},"primaryImageOfPage":{"@id":"https:\/\/sklep.med4life.com.pl\/product\/elektrody-dla-doroslych-zoll-cpr-d-padz-aed-plus\/#primaryimage"},"image":{"@id":"https:\/\/sklep.med4life.com.pl\/product\/elektrody-dla-doroslych-zoll-cpr-d-padz-aed-plus\/#primaryimage"},"thumbnailUrl":"https:\/\/sklep.med4life.com.pl\/wp-content\/uploads\/2025\/04\/ZOLL_elektrody_CPR-D-Padz_8900-8000-01_01.jpg","datePublished":"2025-04-24T16:28:16+00:00","dateModified":"2025-04-24T16:28:16+00:00","breadcrumb":{"@id":"https:\/\/sklep.med4life.com.pl\/product\/elektrody-dla-doroslych-zoll-cpr-d-padz-aed-plus\/#breadcrumb"},"inLanguage":"en-US","potentialAction":[{"@type":"ReadAction","target":["https:\/\/sklep.med4life.com.pl\/product\/elektrody-dla-doroslych-zoll-cpr-d-padz-aed-plus\/"]}]},{"@type":"ImageObject","inLanguage":"en-US","@id":"https:\/\/sklep.med4life.com.pl\/product\/elektrody-dla-doroslych-zoll-cpr-d-padz-aed-plus\/#primaryimage","url":"https:\/\/sklep.med4life.com.pl\/wp-content\/uploads\/2025\/04\/ZOLL_elektrody_CPR-D-Padz_8900-8000-01_01.jpg","contentUrl":"https:\/\/sklep.med4life.com.pl\/wp-content\/uploads\/2025\/04\/ZOLL_elektrody_CPR-D-Padz_8900-8000-01_01.jpg","width":1200,"height":1200},{"@type":"BreadcrumbList","@id":"https:\/\/sklep.med4life.com.pl\/product\/elektrody-dla-doroslych-zoll-cpr-d-padz-aed-plus\/#breadcrumb","itemListElement":[{"@type":"ListItem","position":1,"name":"Strona g\u0142\u00f3wna","item":"https:\/\/sklep.med4life.com.pl\/"},{"@type":"ListItem","position":2,"name":"Sklep","item":"https:\/\/sklep.med4life.com.pl\/shop\/"},{"@type":"ListItem","position":3,"name":"Elektrody dla doros\u0142ych Zoll CPR-D padz (AED PLUS)"}]},{"@type":"WebSite","@id":"https:\/\/sklep.med4life.com.pl\/#website","url":"https:\/\/sklep.med4life.com.pl\/","name":"sklep.med4life.com.pl","description":"","potentialAction":[{"@type":"SearchAction","target":{"@type":"EntryPoint","urlTemplate":"https:\/\/sklep.med4life.com.pl\/?s={search_term_string}"},"query-input":{"@type":"PropertyValueSpecification","valueRequired":true,"valueName":"search_term_string"}}],"inLanguage":"en-US"}]}},"_links":{"self":[{"href":"https:\/\/sklep.med4life.com.pl\/en\/wp-json\/wp\/v2\/product\/6726","targetHints":{"allow":["GET"]}}],"collection":[{"href":"https:\/\/sklep.med4life.com.pl\/en\/wp-json\/wp\/v2\/product"}],"about":[{"href":"https:\/\/sklep.med4life.com.pl\/en\/wp-json\/wp\/v2\/types\/product"}],"replies":[{"embeddable":true,"href":"https:\/\/sklep.med4life.com.pl\/en\/wp-json\/wp\/v2\/comments?post=6726"}],"wp:featuredmedia":[{"embeddable":true,"href":"https:\/\/sklep.med4life.com.pl\/en\/wp-json\/wp\/v2\/media\/6727"}],"wp:attachment":[{"href":"https:\/\/sklep.med4life.com.pl\/en\/wp-json\/wp\/v2\/media?parent=6726"}],"wp:term":[{"taxonomy":"product_cat","embeddable":true,"href":"https:\/\/sklep.med4life.com.pl\/en\/wp-json\/wp\/v2\/product_cat?post=6726"},{"taxonomy":"product_tag","embeddable":true,"href":"https:\/\/sklep.med4life.com.pl\/en\/wp-json\/wp\/v2\/product_tag?post=6726"}],"curies":[{"name":"wp","href":"https:\/\/api.w.org\/{rel}","templated":true}]}}