{"id":6729,"date":"2025-04-24T18:29:23","date_gmt":"2025-04-24T16:29:23","guid":{"rendered":"https:\/\/sklep.med4life.com.pl\/?post_type=product&#038;p=6729"},"modified":"2025-04-24T18:29:23","modified_gmt":"2025-04-24T16:29:23","slug":"elektrody-pediatryczne-pedi-padz-ii-aed-plus","status":"publish","type":"product","link":"https:\/\/sklep.med4life.com.pl\/en\/product\/elektrody-pediatryczne-pedi-padz-ii-aed-plus\/","title":{"rendered":"Elektrody pediatryczne Pedi-Padz II (AED PLUS)"},"content":{"rendered":"<p>Elektrody pediatryczne Zoll Pedi-Padz II<\/p>\n<p>kod: 8900-0810-01<\/p>\n<p>Elektroda pediatryczna Zoll Pedi Padz II do defibrylatora ZOLL AED PLUS.<\/p>\n<p>Przeznaczona dla dzieci poni\u017cej 8-go roku \u017cycia lub poni\u017cej 25kg masy cia\u0142a.<\/p>\n<p>CECHY:<\/p>\n<p>&#8211; Na elektrodzie znajduje si\u0119 kompletna instrukcja naklejenia.<br \/>\n&#8211; Mo\u017cliwo\u015b\u0107 sta\u0142ego pod\u0142\u0105czenia elektrody do defibrylatora, dzi\u0119ki czemu znacznie skraca si\u0119 czas przygotowania urz\u0105dzenia do analizy.<br \/>\n&#8211; D\u0142ugo\u015b\u0107 przewod\u00f3w elektrod: 86,4 cm.<br \/>\n&#8211; Okres wa\u017cno\u015bci: 24 miesi\u0105ce.<\/p>","protected":false},"excerpt":{"rendered":"<p>Elektroda pediatryczna Zoll Pedi Padz II do defibrylatora ZOLL AED PLUS.<\/p>\n<p>Przeznaczona dla dzieci poni\u017cej 8-go roku \u017cycia lub poni\u017cej 25kg masy cia\u0142a.<\/p>","protected":false},"featured_media":6730,"comment_status":"open","ping_status":"closed","template":"","meta":{"content-type":"","om_disable_all_campaigns":false,"_monsterinsights_skip_tracking":false,"_monsterinsights_sitenote_active":false,"_monsterinsights_sitenote_note":"","_monsterinsights_sitenote_category":0},"product_cat":[98],"product_tag":[],"class_list":{"0":"post-6729","1":"product","2":"type-product","3":"status-publish","4":"has-post-thumbnail","6":"product_cat-akcesoria-do-defibrylatorow","8":"first","9":"instock","10":"shipping-taxable","11":"product-type-simple"},"yoast_head":"<!-- This site is optimized with the Yoast SEO plugin v23.8 - https:\/\/yoast.com\/wordpress\/plugins\/seo\/ -->\n<title>Elektrody pediatryczne Pedi-Padz II (AED PLUS) - sklep.med4life.com.pl<\/title>\n<meta name=\"robots\" content=\"index, follow, max-snippet:-1, max-image-preview:large, max-video-preview:-1\" \/>\n<link rel=\"canonical\" href=\"https:\/\/sklep.med4life.com.pl\/en\/product\/elektrody-pediatryczne-pedi-padz-ii-aed-plus\/\" \/>\n<meta property=\"og:locale\" content=\"en_US\" \/>\n<meta property=\"og:type\" content=\"article\" \/>\n<meta property=\"og:title\" content=\"Elektrody pediatryczne Pedi-Padz II (AED PLUS) - sklep.med4life.com.pl\" \/>\n<meta property=\"og:description\" content=\"Elektroda pediatryczna Zoll Pedi Padz II do defibrylatora ZOLL AED PLUS.  Przeznaczona dla dzieci poni\u017cej 8-go roku \u017cycia lub poni\u017cej 25kg masy cia\u0142a.\" \/>\n<meta property=\"og:url\" content=\"https:\/\/sklep.med4life.com.pl\/en\/product\/elektrody-pediatryczne-pedi-padz-ii-aed-plus\/\" \/>\n<meta property=\"og:site_name\" content=\"sklep.med4life.com.pl\" \/>\n<meta property=\"og:image\" content=\"https:\/\/sklep.med4life.com.pl\/wp-content\/uploads\/2025\/04\/ZOLL_elektrody_pediatryczne_Pedi_Padz_II_8900-8010-01_01.jpg\" \/>\n\t<meta property=\"og:image:width\" content=\"1200\" \/>\n\t<meta property=\"og:image:height\" content=\"1200\" \/>\n\t<meta property=\"og:image:type\" content=\"image\/jpeg\" \/>\n<meta name=\"twitter:card\" content=\"summary_large_image\" \/>\n<meta name=\"twitter:label1\" content=\"Est. reading time\" \/>\n\t<meta name=\"twitter:data1\" content=\"1 minute\" \/>\n<script type=\"application\/ld+json\" class=\"yoast-schema-graph\">{\"@context\":\"https:\/\/schema.org\",\"@graph\":[{\"@type\":\"WebPage\",\"@id\":\"https:\/\/sklep.med4life.com.pl\/product\/elektrody-pediatryczne-pedi-padz-ii-aed-plus\/\",\"url\":\"https:\/\/sklep.med4life.com.pl\/product\/elektrody-pediatryczne-pedi-padz-ii-aed-plus\/\",\"name\":\"Elektrody pediatryczne Pedi-Padz II (AED PLUS) - sklep.med4life.com.pl\",\"isPartOf\":{\"@id\":\"https:\/\/sklep.med4life.com.pl\/#website\"},\"primaryImageOfPage\":{\"@id\":\"https:\/\/sklep.med4life.com.pl\/product\/elektrody-pediatryczne-pedi-padz-ii-aed-plus\/#primaryimage\"},\"image\":{\"@id\":\"https:\/\/sklep.med4life.com.pl\/product\/elektrody-pediatryczne-pedi-padz-ii-aed-plus\/#primaryimage\"},\"thumbnailUrl\":\"https:\/\/sklep.med4life.com.pl\/wp-content\/uploads\/2025\/04\/ZOLL_elektrody_pediatryczne_Pedi_Padz_II_8900-8010-01_01.jpg\",\"datePublished\":\"2025-04-24T16:29:23+00:00\",\"dateModified\":\"2025-04-24T16:29:23+00:00\",\"breadcrumb\":{\"@id\":\"https:\/\/sklep.med4life.com.pl\/product\/elektrody-pediatryczne-pedi-padz-ii-aed-plus\/#breadcrumb\"},\"inLanguage\":\"en-US\",\"potentialAction\":[{\"@type\":\"ReadAction\",\"target\":[\"https:\/\/sklep.med4life.com.pl\/product\/elektrody-pediatryczne-pedi-padz-ii-aed-plus\/\"]}]},{\"@type\":\"ImageObject\",\"inLanguage\":\"en-US\",\"@id\":\"https:\/\/sklep.med4life.com.pl\/product\/elektrody-pediatryczne-pedi-padz-ii-aed-plus\/#primaryimage\",\"url\":\"https:\/\/sklep.med4life.com.pl\/wp-content\/uploads\/2025\/04\/ZOLL_elektrody_pediatryczne_Pedi_Padz_II_8900-8010-01_01.jpg\",\"contentUrl\":\"https:\/\/sklep.med4life.com.pl\/wp-content\/uploads\/2025\/04\/ZOLL_elektrody_pediatryczne_Pedi_Padz_II_8900-8010-01_01.jpg\",\"width\":1200,\"height\":1200},{\"@type\":\"BreadcrumbList\",\"@id\":\"https:\/\/sklep.med4life.com.pl\/product\/elektrody-pediatryczne-pedi-padz-ii-aed-plus\/#breadcrumb\",\"itemListElement\":[{\"@type\":\"ListItem\",\"position\":1,\"name\":\"Strona g\u0142\u00f3wna\",\"item\":\"https:\/\/sklep.med4life.com.pl\/\"},{\"@type\":\"ListItem\",\"position\":2,\"name\":\"Sklep\",\"item\":\"https:\/\/sklep.med4life.com.pl\/shop\/\"},{\"@type\":\"ListItem\",\"position\":3,\"name\":\"Elektrody pediatryczne Pedi-Padz II (AED PLUS)\"}]},{\"@type\":\"WebSite\",\"@id\":\"https:\/\/sklep.med4life.com.pl\/#website\",\"url\":\"https:\/\/sklep.med4life.com.pl\/\",\"name\":\"sklep.med4life.com.pl\",\"description\":\"\",\"potentialAction\":[{\"@type\":\"SearchAction\",\"target\":{\"@type\":\"EntryPoint\",\"urlTemplate\":\"https:\/\/sklep.med4life.com.pl\/?s={search_term_string}\"},\"query-input\":{\"@type\":\"PropertyValueSpecification\",\"valueRequired\":true,\"valueName\":\"search_term_string\"}}],\"inLanguage\":\"en-US\"}]}<\/script>\n<!-- \/ Yoast SEO plugin. -->","yoast_head_json":{"title":"Elektrody pediatryczne Pedi-Padz II (AED PLUS) - sklep.med4life.com.pl","robots":{"index":"index","follow":"follow","max-snippet":"max-snippet:-1","max-image-preview":"max-image-preview:large","max-video-preview":"max-video-preview:-1"},"canonical":"https:\/\/sklep.med4life.com.pl\/en\/product\/elektrody-pediatryczne-pedi-padz-ii-aed-plus\/","og_locale":"en_US","og_type":"article","og_title":"Elektrody pediatryczne Pedi-Padz II (AED PLUS) - sklep.med4life.com.pl","og_description":"Elektroda pediatryczna Zoll Pedi Padz II do defibrylatora ZOLL AED PLUS.  Przeznaczona dla dzieci poni\u017cej 8-go roku \u017cycia lub poni\u017cej 25kg masy cia\u0142a.","og_url":"https:\/\/sklep.med4life.com.pl\/en\/product\/elektrody-pediatryczne-pedi-padz-ii-aed-plus\/","og_site_name":"sklep.med4life.com.pl","og_image":[{"width":1200,"height":1200,"url":"https:\/\/sklep.med4life.com.pl\/wp-content\/uploads\/2025\/04\/ZOLL_elektrody_pediatryczne_Pedi_Padz_II_8900-8010-01_01.jpg","type":"image\/jpeg"}],"twitter_card":"summary_large_image","twitter_misc":{"Est. reading time":"1 minute"},"schema":{"@context":"https:\/\/schema.org","@graph":[{"@type":"WebPage","@id":"https:\/\/sklep.med4life.com.pl\/product\/elektrody-pediatryczne-pedi-padz-ii-aed-plus\/","url":"https:\/\/sklep.med4life.com.pl\/product\/elektrody-pediatryczne-pedi-padz-ii-aed-plus\/","name":"Elektrody pediatryczne Pedi-Padz II (AED PLUS) - sklep.med4life.com.pl","isPartOf":{"@id":"https:\/\/sklep.med4life.com.pl\/#website"},"primaryImageOfPage":{"@id":"https:\/\/sklep.med4life.com.pl\/product\/elektrody-pediatryczne-pedi-padz-ii-aed-plus\/#primaryimage"},"image":{"@id":"https:\/\/sklep.med4life.com.pl\/product\/elektrody-pediatryczne-pedi-padz-ii-aed-plus\/#primaryimage"},"thumbnailUrl":"https:\/\/sklep.med4life.com.pl\/wp-content\/uploads\/2025\/04\/ZOLL_elektrody_pediatryczne_Pedi_Padz_II_8900-8010-01_01.jpg","datePublished":"2025-04-24T16:29:23+00:00","dateModified":"2025-04-24T16:29:23+00:00","breadcrumb":{"@id":"https:\/\/sklep.med4life.com.pl\/product\/elektrody-pediatryczne-pedi-padz-ii-aed-plus\/#breadcrumb"},"inLanguage":"en-US","potentialAction":[{"@type":"ReadAction","target":["https:\/\/sklep.med4life.com.pl\/product\/elektrody-pediatryczne-pedi-padz-ii-aed-plus\/"]}]},{"@type":"ImageObject","inLanguage":"en-US","@id":"https:\/\/sklep.med4life.com.pl\/product\/elektrody-pediatryczne-pedi-padz-ii-aed-plus\/#primaryimage","url":"https:\/\/sklep.med4life.com.pl\/wp-content\/uploads\/2025\/04\/ZOLL_elektrody_pediatryczne_Pedi_Padz_II_8900-8010-01_01.jpg","contentUrl":"https:\/\/sklep.med4life.com.pl\/wp-content\/uploads\/2025\/04\/ZOLL_elektrody_pediatryczne_Pedi_Padz_II_8900-8010-01_01.jpg","width":1200,"height":1200},{"@type":"BreadcrumbList","@id":"https:\/\/sklep.med4life.com.pl\/product\/elektrody-pediatryczne-pedi-padz-ii-aed-plus\/#breadcrumb","itemListElement":[{"@type":"ListItem","position":1,"name":"Strona g\u0142\u00f3wna","item":"https:\/\/sklep.med4life.com.pl\/"},{"@type":"ListItem","position":2,"name":"Sklep","item":"https:\/\/sklep.med4life.com.pl\/shop\/"},{"@type":"ListItem","position":3,"name":"Elektrody pediatryczne Pedi-Padz II (AED PLUS)"}]},{"@type":"WebSite","@id":"https:\/\/sklep.med4life.com.pl\/#website","url":"https:\/\/sklep.med4life.com.pl\/","name":"sklep.med4life.com.pl","description":"","potentialAction":[{"@type":"SearchAction","target":{"@type":"EntryPoint","urlTemplate":"https:\/\/sklep.med4life.com.pl\/?s={search_term_string}"},"query-input":{"@type":"PropertyValueSpecification","valueRequired":true,"valueName":"search_term_string"}}],"inLanguage":"en-US"}]}},"_links":{"self":[{"href":"https:\/\/sklep.med4life.com.pl\/en\/wp-json\/wp\/v2\/product\/6729","targetHints":{"allow":["GET"]}}],"collection":[{"href":"https:\/\/sklep.med4life.com.pl\/en\/wp-json\/wp\/v2\/product"}],"about":[{"href":"https:\/\/sklep.med4life.com.pl\/en\/wp-json\/wp\/v2\/types\/product"}],"replies":[{"embeddable":true,"href":"https:\/\/sklep.med4life.com.pl\/en\/wp-json\/wp\/v2\/comments?post=6729"}],"wp:featuredmedia":[{"embeddable":true,"href":"https:\/\/sklep.med4life.com.pl\/en\/wp-json\/wp\/v2\/media\/6730"}],"wp:attachment":[{"href":"https:\/\/sklep.med4life.com.pl\/en\/wp-json\/wp\/v2\/media?parent=6729"}],"wp:term":[{"taxonomy":"product_cat","embeddable":true,"href":"https:\/\/sklep.med4life.com.pl\/en\/wp-json\/wp\/v2\/product_cat?post=6729"},{"taxonomy":"product_tag","embeddable":true,"href":"https:\/\/sklep.med4life.com.pl\/en\/wp-json\/wp\/v2\/product_tag?post=6729"}],"curies":[{"name":"wp","href":"https:\/\/api.w.org\/{rel}","templated":true}]}}